{"id":17101,"date":"2022-05-12T11:48:58","date_gmt":"2022-05-12T11:48:58","guid":{"rendered":"https:\/\/teichenne.com\/?page_id=17101"},"modified":"2022-05-12T11:54:23","modified_gmt":"2022-05-12T11:54:23","slug":"politica-de-cookies","status":"publish","type":"page","link":"https:\/\/teichenne.com\/ca\/politica-de-cookies\/","title":{"rendered":"Pol\u00edtica de cookies"},"content":{"rendered":"\t\t<div data-elementor-type=\"wp-page\" data-elementor-id=\"17101\" class=\"elementor elementor-17101 elementor-17084\">\n\t\t\t\t\t\t<section class=\"elementor-section elementor-top-section elementor-element elementor-element-2325cdb elementor-section-boxed elementor-section-height-default elementor-section-height-default\" data-id=\"2325cdb\" data-element_type=\"section\" data-settings=\"{&quot;jet_parallax_layout_list&quot;:[]}\">\n\t\t\t\t\t\t<div class=\"elementor-container elementor-column-gap-default\">\n\t\t\t\t\t<div class=\"elementor-column elementor-col-100 elementor-top-column elementor-element elementor-element-4163559\" data-id=\"4163559\" data-element_type=\"column\">\n\t\t\t<div class=\"elementor-widget-wrap elementor-element-populated\">\n\t\t\t\t\t\t<div class=\"elementor-element elementor-element-18da60f elementor-widget elementor-widget-heading\" data-id=\"18da60f\" data-element_type=\"widget\" data-widget_type=\"heading.default\">\n\t\t\t\t<div class=\"elementor-widget-container\">\n\t\t\t\t\t<h2 class=\"elementor-heading-title elementor-size-default\">Pol\u00edtica de cookies<\/h2>\t\t\t\t<\/div>\n\t\t\t\t<\/div>\n\t\t\t\t<div class=\"elementor-element elementor-element-fd31afd elementor-widget elementor-widget-text-editor\" data-id=\"fd31afd\" data-element_type=\"widget\" data-widget_type=\"text-editor.default\">\n\t\t\t\t<div class=\"elementor-widget-container\">\n\t\t\t\t\t\t\t\t\t<p><strong>Pol\u00edtica de cookies<\/strong><\/p><p>Teichenn\u00e9 informa sobre l&#8217;\u00fas de les cookies a la seva p\u00e0gina web:\u00a0<a style=\"font-family: var( --e-global-typography-text-font-family ), Sans-serif; font-weight: var( --e-global-typography-text-font-weight ); background-color: #ffffff;\" href=\"http:\/\/www.teichenne.com\" target=\"_blank\" rel=\"noopener\">www.teichenne.com<\/a><\/p><p><strong>Qu\u00e8 s\u00f3n les cookies?<\/strong><\/p><p>Les cookies s\u00f3n arxius que es poden descarregar al vostre equip a trav\u00e9s de les p\u00e0gines web. S\u00f3n eines que tenen un paper essencial per a la prestaci\u00f3 de nombrosos serveis de la societat de la informaci\u00f3. Entre d&#8217;altres, permeten a una p\u00e0gina web emmagatzemar i recuperar informaci\u00f3 sobre els h\u00e0bits de navegaci\u00f3 d&#8217;un usuari o del vostre equip i, depenent de la informaci\u00f3 obtinguda, es poden utilitzar per recon\u00e8ixer l&#8217;usuari i millorar el servei ofert.<\/p><p><strong>Tipus de cookies<\/strong><\/p><p>Segons qui sigui l&#8217;entitat que gestioni el domini des d&#8217;on s&#8217;envien les cookies i tracti les dades que s&#8217;obtinguin es poden distingir dos tipus:<\/p><ul><li>Cookies pr\u00f2pies: les que s&#8217;envien a l&#8217;equip terminal de l&#8217;usuari des d&#8217;un equip o domini gestionat pel mateix editor i des del qual es presta el servei sol\u00b7licitat per l&#8217;usuari.<\/li><li>Cookies de tercers: aquelles que s&#8217;envien a l&#8217;equip terminal de l&#8217;usuari des d&#8217;un equip o domini que no \u00e9s gestionat per l&#8217;editor, sin\u00f3 per una altra entitat que tracta les dades obtingudes a trav\u00e9s de les cookies.<\/li><\/ul><p>En el cas que les cookies siguin instal\u00b7lades des d&#8217;un equip o domini gestionat pel mateix editor per\u00f2 la informaci\u00f3 que es reculli mitjan\u00e7ant aquestes sigui gestionada per un tercer, no poden ser considerades com a cookies pr\u00f2pies.<\/p><p>Hi ha tamb\u00e9 una segona classificaci\u00f3 segons el termini de temps que romanen emmagatzemades al navegador del client, podent tractar-se de:<\/p><ul><li>Cookies de sessi\u00f3: dissenyades per demanar i emmagatzemar dades mentre l&#8217;usuari accedeix a una p\u00e0gina web. Se solen emprar per emmagatzemar informaci\u00f3 que nom\u00e9s interessa conservar per a la prestaci\u00f3 del servei sol\u00b7licitat per l&#8217;usuari en una sola ocasi\u00f3 (per exemple, una llista de productes adquirits).<\/li><li>Cookies persistents: les dades segueixen emmagatzemades al terminal i poden ser accedides i tractades durant un per\u00edode definit pel responsable de la galeta, i que pot anar d&#8217;uns minuts a diversos anys.<\/li><\/ul><p>Finalment, hi ha una altra classificaci\u00f3 amb cinc tipus de cookies segons la finalitat per a la qual es tractin les dades obtingudes:<\/p><ul><li>Cookies t\u00e8cniques: aquelles que permeten a l&#8217;usuari la navegaci\u00f3 a trav\u00e9s d&#8217;una p\u00e0gina web,<br \/>plataforma o aplicaci\u00f3 i la utilitzaci\u00f3 de les diferents opcions o serveis que hi hagi com, per exemple, controlar el tr\u00e0nsit i la comunicaci\u00f3 de dades, identificar la sessi\u00f3, accedir a parts d&#8217;acc\u00e9s restringit, recordar els elements que integren una comanda, realitzar el proc\u00e9s de compra d&#8217;una comanda, fer la sol\u00b7licitud d\u2019inscripci\u00f3 o participaci\u00f3 en un esdeveniment, utilitzar elements de seguretat durant la navegaci\u00f3, emmagatzemar continguts per a la difusi\u00f3 de v\u00eddeos o so o compartir continguts a trav\u00e9s de xarxes socials.<\/li><li>Cookies de personalitzaci\u00f3: permeten a l&#8217;usuari accedir al servei amb algunes caracter\u00edstiques de car\u00e0cter general predefinides en funci\u00f3 d&#8217;una s\u00e8rie de criteris al terminal de l&#8217;usuari com ara serien l&#8217;idioma, el tipus de navegador a trav\u00e9s del qual accedeix al servei, la configuraci\u00f3 regional des d&#8217;on accedeix al servei, etc.<\/li><li>Cookies d&#8217;an\u00e0lisi: permeten al responsable de les mateixes, el seguiment i l&#8217;an\u00e0lisi del comportament dels usuaris dels llocs web als quals estan vinculades. La informaci\u00f3 recollida mitjan\u00e7ant aquest tipus de cookies s&#8217;utilitza en el mesurament de l&#8217;activitat dels llocs web, aplicaci\u00f3 o plataforma i per a l&#8217;elaboraci\u00f3 de perfils de navegaci\u00f3 dels usuaris d&#8217;aquests llocs, aplicacions i plataformes, per introduir millores a funci\u00f3 de l\u2019an\u00e0lisi de les dades d\u2019\u00fas que fan els usuaris del servei.<\/li><li>Cookies publicit\u00e0ries: permeten la gesti\u00f3, de la manera m\u00e9s efica\u00e7 possible, dels espais publicitaris.<\/li><li>Cookies de publicitat comportamental: emmagatzemen informaci\u00f3 del comportament dels usuaris obtinguda a trav\u00e9s de l&#8217;observaci\u00f3 continuada dels seus h\u00e0bits de navegaci\u00f3, cosa que permet desenvolupar un perfil espec\u00edfic per mostrar publicitat en funci\u00f3 del mateix.<\/li><li>Cookies de xarxes socials externes: s&#8217;utilitzen perqu\u00e8 els visitants puguin interactuar amb el contingut de diferents plataformes socials (facebook, youtube, twitter, linkedIn, etc..) i que es generin \u00fanicament per als usuaris de les xarxes socials esmentades. Les condicions d&#8217;utilitzaci\u00f3 d&#8217;aquestes cookies i la informaci\u00f3 recopilada es regula per la pol\u00edtica de privadesa de la plataforma social corresponent.<\/li><\/ul><p><strong>Desactivaci\u00f3 i eliminaci\u00f3 de cookies<\/strong><\/p><p>Teniu l&#8217;opci\u00f3 de permetre, bloquejar o eliminar les cookies instal\u00b7lades al vostre equip mitjan\u00e7ant la configuraci\u00f3 de les opcions del navegador instal\u00b7lat al vostre equip. En desactivar cookies, alguns dels serveis disponibles podrien deixar d&#8217;estar operatius. La forma de deshabilitar les cookies \u00e9s diferent per a cada navegador, per\u00f2 normalment es pot fer des del men\u00fa Eines o Opcions. Tamb\u00e9 podeu consultar el men\u00fa d&#8217;Ajuda del navegador on podeu trobar instruccions. L&#8217;usuari podr\u00e0 en qualsevol moment triar quines cookies vol que funcionin en aquest lloc web.<\/p><p>Podeu permetre, bloquejar o eliminar les cookies instal\u00b7lades al vostre equip mitjan\u00e7ant la configuraci\u00f3 de les opcions del navegador instal\u00b7lat al vostre ordinador:<\/p><ul><li>Microsoft Internet Explorer o Microsoft Edge:\u00a0<a href=\"http:\/\/windows.microsoft.com\/es-es\/windows-vista\/Block-or-allow-cookies\" target=\"_blank\" rel=\"noopener\">http:\/\/windows.microsoft.com\/es-es\/windows-vista\/Block-or-allow-cookies<\/a><\/li><li>Mozilla Firefox:\u00a0<a href=\"http:\/\/support.mozilla.org\/es\/kb\/impedir-que-los-sitios-web-guarden-sus-preferencia\" target=\"_blank\" rel=\"noopener\">http:\/\/support.mozilla.org\/es\/kb\/impedir-que-los-sitios-web-guarden-sus-preferencia<\/a><\/li><li>Chrome:\u00a0<a href=\"https:\/\/support.google.com\/accounts\/answer\/61416?hl=ca\" target=\"_blank\" rel=\"noopener\">https:\/\/support.google.com\/accounts\/answer\/61416?hl=ca<\/a><\/li><li>Safari:\u00a0<a href=\"http:\/\/safari.helpmax.net\/es\/privacidad-y-seguridad\/como-gestionar-las-cookies\/\" target=\"_blank\" rel=\"noopener\">http:\/\/safari.helpmax.net\/es\/privacidad-y-seguridad\/como-gestionar-las-cookies\/<\/a><\/li><li>Opera:\u00a0<a href=\"http:\/\/help.opera.com\/Linux\/10.60\/es-ES\/cookies.html\" target=\"_blank\" rel=\"noopener\">http:\/\/help.opera.com\/Linux\/10.60\/es-ES\/cookies.html<\/a><\/li><\/ul><p>A m\u00e9s, tamb\u00e9 podeu gestionar el magatzem de cookies al vostre navegador a trav\u00e9s d&#8217;eines com les seg\u00fcents<\/p><ul><li>Ghostery:\u00a0<a href=\"http:\/\/www.ghostery.com\/\" target=\"_blank\" rel=\"noopener\">www.ghostery.com\/<\/a><\/li><li>Your online choices:\u00a0<a href=\"http:\/\/www.youronlinechoices.com\/es\/\" target=\"_blank\" rel=\"noopener\">www.youronlinechoices.com\/es\/<\/a><\/li><\/ul><p><strong>Cookies utilitzades a<\/strong>\u00a0<a style=\"font-family: var( --e-global-typography-text-font-family ), Sans-serif; font-weight: var( --e-global-typography-text-font-weight ); background-color: #ffffff;\" href=\"http:\/\/www.teichenne.com\" target=\"_blank\" rel=\"noopener\">www.teichenne.com<\/a><\/p><p>A continuaci\u00f3 s&#8217;identifiquen les cookies que estan sent utilitzades en aquest portal aix\u00ed com la seva tipologia i funci\u00f3:<\/p><p><strong>Acceptaci\u00f3 de la Pol\u00edtica de cookies<\/strong><\/p><p>www.teichenne.com assumeix que vost\u00e8 accepta l\u2019\u00fas de cookies. No obstant aix\u00f2, mostra informaci\u00f3 sobre la vostra Pol\u00edtica de cookies a la part inferior o superior de qualsevol p\u00e0gina del portal amb cada inici de sessi\u00f3 per tal que vost\u00e8 sigui conscient.<\/p><p>Davant d&#8217;aquesta informaci\u00f3 \u00e9s possible dur a terme les accions seg\u00fcents:<\/p><ul><li>Acceptar cookies. No es tornar\u00e0 a visualitzar aquest av\u00eds en accedir a qualsevol p\u00e0gina del portal durant aquesta sessi\u00f3.<\/li><li>Tancar. S&#8217;amaga l&#8217;av\u00eds a aquesta p\u00e0gina.<\/li><li>Modificar-ne la configuraci\u00f3. Podreu obtenir m\u00e9s informaci\u00f3 sobre qu\u00e8 s\u00f3n les cookies, con\u00e8ixer la Pol\u00edtica de cookies de\u00a0<a href=\"http:\/\/www.teichenne.com\" target=\"_blank\" rel=\"noopener\">www.teichenne.com<\/a>\u00a0i modificar la configuraci\u00f3 del vostre navegador.<\/li><\/ul>\t\t\t\t\t\t\t\t<\/div>\n\t\t\t\t<\/div>\n\t\t\t\t\t<\/div>\n\t\t<\/div>\n\t\t\t\t\t<\/div>\n\t\t<\/section>\n\t\t\t\t<\/div>\n\t\t","protected":false},"excerpt":{"rendered":"<p>Pol\u00edtica de cookies Pol\u00edtica de cookies Teichenn\u00e9 informa sobre l&#8217;\u00fas de les cookies a la seva p\u00e0gina web:&nbsp;www.teichenne.com Qu\u00e8 s\u00f3n les cookies? Les cookies s\u00f3n arxius que es poden descarregar al vostre equip a trav\u00e9s de les p\u00e0gines web. S\u00f3n eines que tenen un paper essencial per a la prestaci\u00f3 de nombrosos serveis de la [&hellip;]<\/p>\n","protected":false},"author":218,"featured_media":0,"parent":0,"menu_order":0,"comment_status":"closed","ping_status":"closed","template":"","meta":{"_acf_changed":false,"footnotes":""},"class_list":["post-17101","page","type-page","status-publish","hentry"],"acf":[],"_links":{"self":[{"href":"https:\/\/teichenne.com\/ca\/wp-json\/wp\/v2\/pages\/17101","targetHints":{"allow":["GET"]}}],"collection":[{"href":"https:\/\/teichenne.com\/ca\/wp-json\/wp\/v2\/pages"}],"about":[{"href":"https:\/\/teichenne.com\/ca\/wp-json\/wp\/v2\/types\/page"}],"author":[{"embeddable":true,"href":"https:\/\/teichenne.com\/ca\/wp-json\/wp\/v2\/users\/218"}],"replies":[{"embeddable":true,"href":"https:\/\/teichenne.com\/ca\/wp-json\/wp\/v2\/comments?post=17101"}],"version-history":[{"count":6,"href":"https:\/\/teichenne.com\/ca\/wp-json\/wp\/v2\/pages\/17101\/revisions"}],"predecessor-version":[{"id":17107,"href":"https:\/\/teichenne.com\/ca\/wp-json\/wp\/v2\/pages\/17101\/revisions\/17107"}],"wp:attachment":[{"href":"https:\/\/teichenne.com\/ca\/wp-json\/wp\/v2\/media?parent=17101"}],"curies":[{"name":"wp","href":"https:\/\/api.w.org\/{rel}","templated":true}]}}