{"id":20789,"date":"2024-02-26T13:45:52","date_gmt":"2024-02-26T11:45:52","guid":{"rendered":"https:\/\/teichenne.com\/?page_id=20789"},"modified":"2024-02-26T13:45:55","modified_gmt":"2024-02-26T11:45:55","slug":"fons-social-europeu","status":"publish","type":"page","link":"https:\/\/teichenne.com\/ca\/fons-social-europeu\/","title":{"rendered":"Elementor #20789"},"content":{"rendered":"\t\t<div data-elementor-type=\"wp-page\" data-elementor-id=\"20789\" class=\"elementor elementor-20789 elementor-20774\">\n\t\t\t\t\t\t<section class=\"elementor-section elementor-top-section elementor-element elementor-element-040ed92 elementor-section-boxed elementor-section-height-default elementor-section-height-default\" data-id=\"040ed92\" data-element_type=\"section\" data-settings=\"{&quot;jet_parallax_layout_list&quot;:[]}\">\n\t\t\t\t\t\t<div class=\"elementor-container elementor-column-gap-default\">\n\t\t\t\t\t<div class=\"elementor-column elementor-col-100 elementor-top-column elementor-element elementor-element-5850249\" data-id=\"5850249\" data-element_type=\"column\">\n\t\t\t<div class=\"elementor-widget-wrap elementor-element-populated\">\n\t\t\t\t\t\t<div class=\"elementor-element elementor-element-9f7988b elementor-widget elementor-widget-heading\" data-id=\"9f7988b\" data-element_type=\"widget\" data-widget_type=\"heading.default\">\n\t\t\t\t<div class=\"elementor-widget-container\">\n\t\t\t\t\t<h2 class=\"elementor-heading-title elementor-size-default\">FEDER - Una manera de hacer Europa<\/h2>\t\t\t\t<\/div>\n\t\t\t\t<\/div>\n\t\t\t\t\t<\/div>\n\t\t<\/div>\n\t\t\t\t\t<\/div>\n\t\t<\/section>\n\t\t\t\t<section class=\"elementor-section elementor-top-section elementor-element elementor-element-48a765a elementor-section-boxed elementor-section-height-default elementor-section-height-default\" data-id=\"48a765a\" data-element_type=\"section\" data-settings=\"{&quot;jet_parallax_layout_list&quot;:[]}\">\n\t\t\t\t\t\t<div class=\"elementor-container elementor-column-gap-default\">\n\t\t\t\t\t<div class=\"elementor-column elementor-col-50 elementor-top-column elementor-element elementor-element-48e7e79\" data-id=\"48e7e79\" data-element_type=\"column\">\n\t\t\t<div class=\"elementor-widget-wrap elementor-element-populated\">\n\t\t\t\t\t\t<div class=\"elementor-element elementor-element-c7f377c elementor-widget elementor-widget-image\" data-id=\"c7f377c\" data-element_type=\"widget\" data-widget_type=\"image.default\">\n\t\t\t\t<div class=\"elementor-widget-container\">\n\t\t\t\t\t\t\t\t\t\t\t\t\t\t\t<img decoding=\"async\" src=\"https:\/\/teichenne.com\/wp-content\/uploads\/elementor\/thumbs\/Flag_of_Europe-qqbj388pdem7gj27b622cuio8wtje734fkcdcmmpfc.webp\" title=\"Flag_of_Europe\" alt=\"Flag of Europe\" loading=\"lazy\" \/>\t\t\t\t\t\t\t\t\t\t\t\t\t\t\t<\/div>\n\t\t\t\t<\/div>\n\t\t\t\t\t<\/div>\n\t\t<\/div>\n\t\t\t\t<div class=\"elementor-column elementor-col-50 elementor-top-column elementor-element elementor-element-ff8559a\" data-id=\"ff8559a\" data-element_type=\"column\">\n\t\t\t<div class=\"elementor-widget-wrap elementor-element-populated\">\n\t\t\t\t\t\t<div class=\"elementor-element elementor-element-33e0e55 elementor-widget elementor-widget-text-editor\" data-id=\"33e0e55\" data-element_type=\"widget\" data-widget_type=\"text-editor.default\">\n\t\t\t\t<div class=\"elementor-widget-container\">\n\t\t\t\t\t\t\t\t\t<h2><strong>Fondo Europeo de Desarrollo Regional<\/strong><\/h2><h3>Una Manera de hacer Europa<\/h3>\t\t\t\t\t\t\t\t<\/div>\n\t\t\t\t<\/div>\n\t\t\t\t\t<\/div>\n\t\t<\/div>\n\t\t\t\t\t<\/div>\n\t\t<\/section>\n\t\t\t\t<section class=\"elementor-section elementor-top-section elementor-element elementor-element-fc41840 elementor-section-boxed elementor-section-height-default elementor-section-height-default\" data-id=\"fc41840\" data-element_type=\"section\" data-settings=\"{&quot;jet_parallax_layout_list&quot;:[]}\">\n\t\t\t\t\t\t<div class=\"elementor-container elementor-column-gap-default\">\n\t\t\t\t\t<div class=\"elementor-column elementor-col-100 elementor-top-column elementor-element elementor-element-aed9fdd\" data-id=\"aed9fdd\" data-element_type=\"column\">\n\t\t\t<div class=\"elementor-widget-wrap elementor-element-populated\">\n\t\t\t\t\t\t<div class=\"elementor-element elementor-element-7fe3f3d elementor-widget elementor-widget-text-editor\" data-id=\"7fe3f3d\" data-element_type=\"widget\" data-widget_type=\"text-editor.default\">\n\t\t\t\t<div class=\"elementor-widget-container\">\n\t\t\t\t\t\t\t\t\t<h5>Teichenn\u00e9, S.A. en el marc del Programa ICEX Next, ha comptat amb el suport d&#8217;ICEX i amb el cofinan\u00e7ament del fons europeu FEDER. La finalitat d&#8217;aquest suport \u00e9s contribuir al desenvolupament internacional de l&#8217;empresa i del seu entorn.<\/h5>\t\t\t\t\t\t\t\t<\/div>\n\t\t\t\t<\/div>\n\t\t\t\t\t<\/div>\n\t\t<\/div>\n\t\t\t\t\t<\/div>\n\t\t<\/section>\n\t\t\t\t<\/div>\n\t\t","protected":false},"excerpt":{"rendered":"<p>FEDER &#8211; Una manera de hacer Europa Fondo Europeo de Desarrollo Regional Una Manera de hacer Europa Teichenn\u00e9, S.A. en el marc del Programa ICEX Next, ha comptat amb el suport d&#8217;ICEX i amb el cofinan\u00e7ament del fons europeu FEDER. La finalitat d&#8217;aquest suport \u00e9s contribuir al desenvolupament internacional de l&#8217;empresa i del seu entorn.<\/p>\n","protected":false},"author":218,"featured_media":0,"parent":0,"menu_order":0,"comment_status":"closed","ping_status":"closed","template":"","meta":{"_acf_changed":false,"footnotes":""},"class_list":["post-20789","page","type-page","status-publish","hentry"],"acf":[],"_links":{"self":[{"href":"https:\/\/teichenne.com\/ca\/wp-json\/wp\/v2\/pages\/20789","targetHints":{"allow":["GET"]}}],"collection":[{"href":"https:\/\/teichenne.com\/ca\/wp-json\/wp\/v2\/pages"}],"about":[{"href":"https:\/\/teichenne.com\/ca\/wp-json\/wp\/v2\/types\/page"}],"author":[{"embeddable":true,"href":"https:\/\/teichenne.com\/ca\/wp-json\/wp\/v2\/users\/218"}],"replies":[{"embeddable":true,"href":"https:\/\/teichenne.com\/ca\/wp-json\/wp\/v2\/comments?post=20789"}],"version-history":[{"count":4,"href":"https:\/\/teichenne.com\/ca\/wp-json\/wp\/v2\/pages\/20789\/revisions"}],"predecessor-version":[{"id":20793,"href":"https:\/\/teichenne.com\/ca\/wp-json\/wp\/v2\/pages\/20789\/revisions\/20793"}],"wp:attachment":[{"href":"https:\/\/teichenne.com\/ca\/wp-json\/wp\/v2\/media?parent=20789"}],"curies":[{"name":"wp","href":"https:\/\/api.w.org\/{rel}","templated":true}]}}