{"id":11986,"date":"2021-04-29T15:13:26","date_gmt":"2021-04-29T15:13:26","guid":{"rendered":"https:\/\/teichenne.com\/shop\/Sense%20categoria\/jacques-senaux-absenta-blau\/"},"modified":"2025-03-28T15:11:00","modified_gmt":"2025-03-28T13:11:00","slug":"jacques-senaux-absenta-blava","status":"publish","type":"product","link":"https:\/\/teichenne.com\/ca\/producto\/jacques-senaux-absenta-blava\/","title":{"rendered":"Jacques Senaux Absenta Blava"},"content":{"rendered":"<p><strong>Aspecte:<\/strong>\u00a0Color blau turquesa. Brillant. Presenta irisacions groguenques. Forma el fam\u00f3s louche (aspecte llet\u00f3s) quan es dilueix sobre aigua o gel.<\/p>\n<p><strong>Aroma:<\/strong>\u00a0Aroma intens i penetrant on destaquen les herbes naturals com ara l\u2019Artemisa Absinthium (Ajenjo) i l\u2019an\u00eds badiana.<\/p>\n<p><strong>Sabor i textura:<\/strong>\u00a0Presenta un gust subtilment amarg que combina perfectament amb un fons destil\u00b7lat de regal\u00e8ssia. Presenta notes finals anisades.<\/p>\n","protected":false},"excerpt":{"rendered":"<p>Aquesta beguda mitol\u00f2gica es va inventar al 1792 i va ser utilitzada per molts artistes com Van Gogh, Picasso, Oscar Wilde, Degas, Pessoa, Hemingway, Manet i molts altres. Afirmaven que els ajudava a trobar la inspiraci\u00f3.<\/p>\n<p>Una passi\u00f3 que van plasmar en les seves novel\u00b7les i pintures. La nostre absenta, elaborada segons la recepta tradicional, transmesa de generaci\u00f3 en generaci\u00f3, segueix sent una font de inspiraci\u00f3 per a tots els nostres clients.<\/p>\n","protected":false},"featured_media":21155,"comment_status":"open","ping_status":"closed","template":"","meta":{"_acf_changed":false},"product_brand":[],"product_cat":[100],"product_tag":[],"class_list":{"0":"post-11986","1":"product","2":"type-product","3":"status-publish","4":"has-post-thumbnail","6":"product_cat-absenta","8":"first","9":"instock","10":"taxable","11":"shipping-taxable","12":"purchasable","13":"product-type-simple"},"acf":[],"_links":{"self":[{"href":"https:\/\/teichenne.com\/ca\/wp-json\/wp\/v2\/product\/11986","targetHints":{"allow":["GET"]}}],"collection":[{"href":"https:\/\/teichenne.com\/ca\/wp-json\/wp\/v2\/product"}],"about":[{"href":"https:\/\/teichenne.com\/ca\/wp-json\/wp\/v2\/types\/product"}],"replies":[{"embeddable":true,"href":"https:\/\/teichenne.com\/ca\/wp-json\/wp\/v2\/comments?post=11986"}],"version-history":[{"count":3,"href":"https:\/\/teichenne.com\/ca\/wp-json\/wp\/v2\/product\/11986\/revisions"}],"predecessor-version":[{"id":14171,"href":"https:\/\/teichenne.com\/ca\/wp-json\/wp\/v2\/product\/11986\/revisions\/14171"}],"wp:featuredmedia":[{"embeddable":true,"href":"https:\/\/teichenne.com\/ca\/wp-json\/wp\/v2\/media\/21155"}],"wp:attachment":[{"href":"https:\/\/teichenne.com\/ca\/wp-json\/wp\/v2\/media?parent=11986"}],"wp:term":[{"taxonomy":"product_brand","embeddable":true,"href":"https:\/\/teichenne.com\/ca\/wp-json\/wp\/v2\/product_brand?post=11986"},{"taxonomy":"product_cat","embeddable":true,"href":"https:\/\/teichenne.com\/ca\/wp-json\/wp\/v2\/product_cat?post=11986"},{"taxonomy":"product_tag","embeddable":true,"href":"https:\/\/teichenne.com\/ca\/wp-json\/wp\/v2\/product_tag?post=11986"}],"curies":[{"name":"wp","href":"https:\/\/api.w.org\/{rel}","templated":true}]}}