{"id":12085,"date":"2021-04-15T14:05:52","date_gmt":"2021-04-15T14:05:52","guid":{"rendered":"https:\/\/teichenne.com\/shop\/Sense%20categoria\/magua-sex-on-the-beach-125-vol\/"},"modified":"2025-03-28T15:11:00","modified_gmt":"2025-03-28T13:11:00","slug":"magua-sex-on-the-beach","status":"publish","type":"product","link":"https:\/\/teichenne.com\/ca\/producto\/magua-sex-on-the-beach\/","title":{"rendered":"Magu\u00e1 Sex on the Beach"},"content":{"rendered":"<p style=\"margin: 8.25pt 0cm 8.25pt 0cm;\"><strong><span lang=\"ES\" style=\"font-family: 'Lato',sans-serif;\">Aspecte:<\/span><\/strong><span lang=\"ES\" style=\"font-family: 'Lato',sans-serif;\">\u00a0Color vermell rob\u00ed, amb irisacions groguenques. Brillant i net.<\/span><\/p>\n<p style=\"margin: 8.25pt 0cm 8.25pt 0cm;\"><strong><span lang=\"ES\" style=\"font-family: 'Lato',sans-serif;\">Aroma:<\/span><\/strong><span lang=\"ES\" style=\"font-family: 'Lato',sans-serif;\">\u00a0Aroma intens i delicat alhora. Presenta una combinaci\u00f3 de notes arom\u00e0tiques perfectament acoblades entre les que destaquen notes a pr\u00e9ssec, maracuy\u00e1, nabius i taronja.<\/span><\/p>\n<p style=\"margin: 8.25pt 0cm 8.25pt 0cm;\"><strong><span lang=\"ES\" style=\"font-family: 'Lato',sans-serif;\">Sabor i textura:<\/span><\/strong><span lang=\"ES\" style=\"font-family: 'Lato',sans-serif;\">\u00a0Sabor intens. Llaminer i vellutat en boca, combina perfectament les notes dolces del pr\u00e9ssec, el maracui\u00e0 i els nabius amb les notes c\u00edtriques de la taronja. Servir molt fred.<\/span><\/p>\n","protected":false},"excerpt":{"rendered":"<p>Cocktail ready to serve del fam\u00f3s c\u00f2ctel Sex on the beach.\u00a0Aroma intens i delicat alhora. Presenta una combinaci\u00f3 de notes arom\u00e0tiques perfectament acoblades entre les que destaquen notes a pr\u00e9ssec, maracuy\u00e1, nabius i taronja.<\/p>\n","protected":false},"featured_media":21186,"comment_status":"open","ping_status":"closed","template":"","meta":{"_acf_changed":false},"product_brand":[],"product_cat":[104],"product_tag":[],"class_list":{"0":"post-12085","1":"product","2":"type-product","3":"status-publish","4":"has-post-thumbnail","6":"product_cat-cocktails-tropicals","8":"first","9":"instock","10":"taxable","11":"shipping-taxable","12":"purchasable","13":"product-type-simple"},"acf":[],"_links":{"self":[{"href":"https:\/\/teichenne.com\/ca\/wp-json\/wp\/v2\/product\/12085","targetHints":{"allow":["GET"]}}],"collection":[{"href":"https:\/\/teichenne.com\/ca\/wp-json\/wp\/v2\/product"}],"about":[{"href":"https:\/\/teichenne.com\/ca\/wp-json\/wp\/v2\/types\/product"}],"replies":[{"embeddable":true,"href":"https:\/\/teichenne.com\/ca\/wp-json\/wp\/v2\/comments?post=12085"}],"version-history":[{"count":3,"href":"https:\/\/teichenne.com\/ca\/wp-json\/wp\/v2\/product\/12085\/revisions"}],"predecessor-version":[{"id":12097,"href":"https:\/\/teichenne.com\/ca\/wp-json\/wp\/v2\/product\/12085\/revisions\/12097"}],"wp:featuredmedia":[{"embeddable":true,"href":"https:\/\/teichenne.com\/ca\/wp-json\/wp\/v2\/media\/21186"}],"wp:attachment":[{"href":"https:\/\/teichenne.com\/ca\/wp-json\/wp\/v2\/media?parent=12085"}],"wp:term":[{"taxonomy":"product_brand","embeddable":true,"href":"https:\/\/teichenne.com\/ca\/wp-json\/wp\/v2\/product_brand?post=12085"},{"taxonomy":"product_cat","embeddable":true,"href":"https:\/\/teichenne.com\/ca\/wp-json\/wp\/v2\/product_cat?post=12085"},{"taxonomy":"product_tag","embeddable":true,"href":"https:\/\/teichenne.com\/ca\/wp-json\/wp\/v2\/product_tag?post=12085"}],"curies":[{"name":"wp","href":"https:\/\/api.w.org\/{rel}","templated":true}]}}