{"id":12197,"date":"2021-04-14T15:55:23","date_gmt":"2021-04-14T15:55:23","guid":{"rendered":"https:\/\/teichenne.com\/shop\/Sense%20categoria\/level-gin-premium-44-vol\/"},"modified":"2025-03-28T15:11:02","modified_gmt":"2025-03-28T13:11:02","slug":"level-gin-premium","status":"publish","type":"product","link":"https:\/\/teichenne.com\/ca\/producto\/level-gin-premium\/","title":{"rendered":"Level Gin Premium"},"content":{"rendered":"<p style=\"text-align: justify; background: white; margin: 8.25pt 0cm 8.25pt 0cm;\"><span lang=\"ES\" style=\"font-family: Lato, sans-serif; color: #003366;\">Level Gin \u00e9s una ginebra de triple destil\u00b7laci\u00f3, 44% Vol. Obtinguda a partir d\u2019alcohol de blat que macera i destil\u00b7la el ginebr\u00f3 combinat amb diferents bot\u00e0nics, principalment el cardamom, la tarongina i l\u2019aranja.<\/span><\/p>\n<p style=\"text-align: justify; background: white; margin: 8.25pt 0cm 8.25pt 0cm;\"><span lang=\"ES\" style=\"font-family: Lato, sans-serif; color: #003366;\">Level Gin \u00e9s una ginebra molt arom\u00e0tica en la qual predomina l\u2019aroma floral, que combina perfectament amb el ginebr\u00f3. Elegant i fresca al paladar, real\u00e7a les caracter\u00edstiques essencials d\u2019una bona ginebra que es pot prendre sola o barrejada en combinats.<\/span><\/p>\n","protected":false},"excerpt":{"rendered":"<p>El resultat de la tradici\u00f3, la hist\u00f2ria i la recerca incansable de l\u2019excel\u00b7l\u00e8ncia, \u00e9s la nostra marca Level.<\/p>\n<p>Level Gin \u00e9s una ginebra molt arom\u00e0tica en la qual predomina l\u2019aroma floral. Elaborat a partir d\u2019alcohol de cereals en qu\u00e8 es macera i destila el ginebr\u00f3 en combinaci\u00f3 amb diferents plantes bot\u00e0niques, principalment cardamom, flor de taronger i aranja.<\/p>\n","protected":false},"featured_media":18661,"comment_status":"open","ping_status":"closed","template":"","meta":{"_acf_changed":false},"product_brand":[],"product_cat":[106],"product_tag":[],"class_list":{"0":"post-12197","1":"product","2":"type-product","3":"status-publish","4":"has-post-thumbnail","6":"product_cat-ginebres-especials-ca","8":"first","9":"instock","10":"taxable","11":"shipping-taxable","12":"purchasable","13":"product-type-simple"},"acf":[],"_links":{"self":[{"href":"https:\/\/teichenne.com\/ca\/wp-json\/wp\/v2\/product\/12197","targetHints":{"allow":["GET"]}}],"collection":[{"href":"https:\/\/teichenne.com\/ca\/wp-json\/wp\/v2\/product"}],"about":[{"href":"https:\/\/teichenne.com\/ca\/wp-json\/wp\/v2\/types\/product"}],"replies":[{"embeddable":true,"href":"https:\/\/teichenne.com\/ca\/wp-json\/wp\/v2\/comments?post=12197"}],"version-history":[{"count":3,"href":"https:\/\/teichenne.com\/ca\/wp-json\/wp\/v2\/product\/12197\/revisions"}],"predecessor-version":[{"id":18666,"href":"https:\/\/teichenne.com\/ca\/wp-json\/wp\/v2\/product\/12197\/revisions\/18666"}],"wp:featuredmedia":[{"embeddable":true,"href":"https:\/\/teichenne.com\/ca\/wp-json\/wp\/v2\/media\/18661"}],"wp:attachment":[{"href":"https:\/\/teichenne.com\/ca\/wp-json\/wp\/v2\/media?parent=12197"}],"wp:term":[{"taxonomy":"product_brand","embeddable":true,"href":"https:\/\/teichenne.com\/ca\/wp-json\/wp\/v2\/product_brand?post=12197"},{"taxonomy":"product_cat","embeddable":true,"href":"https:\/\/teichenne.com\/ca\/wp-json\/wp\/v2\/product_cat?post=12197"},{"taxonomy":"product_tag","embeddable":true,"href":"https:\/\/teichenne.com\/ca\/wp-json\/wp\/v2\/product_tag?post=12197"}],"curies":[{"name":"wp","href":"https:\/\/api.w.org\/{rel}","templated":true}]}}