{"id":12210,"date":"2021-04-14T15:51:04","date_gmt":"2021-04-14T15:51:04","guid":{"rendered":"https:\/\/teichenne.com\/shop\/Sense%20categoria\/kinross-gin-40-vol\/"},"modified":"2025-06-12T20:40:36","modified_gmt":"2025-06-12T18:40:36","slug":"kinross-gin","status":"publish","type":"product","link":"https:\/\/teichenne.com\/ca\/producto\/kinross-gin\/","title":{"rendered":"Kinross Gin"},"content":{"rendered":"<p style=\"background: white; margin: 8.25pt 0cm 8.25pt 0cm;\"><span lang=\"ES\" style=\"font-family: Lato, sans-serif; color: #003366;\">Aroma elegant al nas i fresca al paladar. Real\u00e7a les caracter\u00edstiques essencials d\u2019una ginebra cl\u00e0ssica excel\u00b7lent que es pot prendre sola o barrejada en combinats.<\/span><\/p>\n","protected":false},"excerpt":{"rendered":"<p>La ginebra Kinross Gin \u00e9s una ginebra destil\u00b7lada, 40% Vol. Obtinguda a partir d\u2019alcohol rectificat de cereals que macera i destil\u00b7la el ginebr\u00f3 combinat amb diferents bot\u00e0nics i fruites c\u00edtriques, principalment la llimona, la taronja i l\u2019aranja. Ginebra que real\u00e7a subtils notes c\u00edtriques. Aquestes notes c\u00edtriques s\u2019integren perfectament amb l\u2019aroma de ginebr\u00f3 obtingut a trav\u00e9s d\u2019una acurada destil\u00b7laci\u00f3 de les baies.<\/p>\n","protected":false},"featured_media":20033,"comment_status":"open","ping_status":"closed","template":"","meta":{"_acf_changed":false},"product_brand":[],"product_cat":[106],"product_tag":[],"class_list":{"0":"post-12210","1":"product","2":"type-product","3":"status-publish","4":"has-post-thumbnail","6":"product_cat-ginebres-especials-ca","8":"first","9":"instock","10":"taxable","11":"shipping-taxable","12":"purchasable","13":"product-type-simple"},"acf":[],"_links":{"self":[{"href":"https:\/\/teichenne.com\/ca\/wp-json\/wp\/v2\/product\/12210","targetHints":{"allow":["GET"]}}],"collection":[{"href":"https:\/\/teichenne.com\/ca\/wp-json\/wp\/v2\/product"}],"about":[{"href":"https:\/\/teichenne.com\/ca\/wp-json\/wp\/v2\/types\/product"}],"replies":[{"embeddable":true,"href":"https:\/\/teichenne.com\/ca\/wp-json\/wp\/v2\/comments?post=12210"}],"version-history":[{"count":5,"href":"https:\/\/teichenne.com\/ca\/wp-json\/wp\/v2\/product\/12210\/revisions"}],"predecessor-version":[{"id":18797,"href":"https:\/\/teichenne.com\/ca\/wp-json\/wp\/v2\/product\/12210\/revisions\/18797"}],"wp:featuredmedia":[{"embeddable":true,"href":"https:\/\/teichenne.com\/ca\/wp-json\/wp\/v2\/media\/20033"}],"wp:attachment":[{"href":"https:\/\/teichenne.com\/ca\/wp-json\/wp\/v2\/media?parent=12210"}],"wp:term":[{"taxonomy":"product_brand","embeddable":true,"href":"https:\/\/teichenne.com\/ca\/wp-json\/wp\/v2\/product_brand?post=12210"},{"taxonomy":"product_cat","embeddable":true,"href":"https:\/\/teichenne.com\/ca\/wp-json\/wp\/v2\/product_cat?post=12210"},{"taxonomy":"product_tag","embeddable":true,"href":"https:\/\/teichenne.com\/ca\/wp-json\/wp\/v2\/product_tag?post=12210"}],"curies":[{"name":"wp","href":"https:\/\/api.w.org\/{rel}","templated":true}]}}