{"id":12224,"date":"2021-04-14T15:46:56","date_gmt":"2021-04-14T15:46:56","guid":{"rendered":"https:\/\/teichenne.com\/shop\/Sense%20categoria\/kinross-gin-berry-40-vol\/"},"modified":"2025-06-19T17:44:51","modified_gmt":"2025-06-19T15:44:51","slug":"kinross-gin-berry","status":"publish","type":"product","link":"https:\/\/teichenne.com\/ca\/producto\/kinross-gin-berry\/","title":{"rendered":"Kinross Gin Berry"},"content":{"rendered":"<p style=\"background: white; margin: 8.25pt 0cm 8.25pt 0cm;\"><span lang=\"ES\" style=\"font-family: Lato, sans-serif; color: #003366;\">Ginebra molt arom\u00e0tica en la qual predomina l\u2019aroma de fruits vermells o fruits del bosc (gerd).<\/span><\/p>\n<p style=\"background: white; margin: 8.25pt 0cm 8.25pt 0cm;\"><span lang=\"ES\" style=\"font-family: Lato, sans-serif; color: #003366;\">Combina perfectament amb el ginebr\u00f3. Elegant i intensa al paladar, real\u00e7a les caracter\u00edstiques essencials d\u2019una bona ginebra que es pot prendre sola o barrejada en combinats.<\/span><\/p>\n","protected":false},"excerpt":{"rendered":"<p>La Kinross Gin Berry \u00e9s una ginebra triple destil\u00b7lada, 40% Vol. Obtinguda a partir d\u2019alcohol rectificat de cereals que macera i destil\u00b7la el ginebr\u00f3 combinat amb diferents bot\u00e0nics, principalment la llimona, el cardamom i el gerd.<\/p>\n","protected":false},"featured_media":20400,"comment_status":"open","ping_status":"closed","template":"","meta":{"_acf_changed":false},"product_brand":[],"product_cat":[106],"product_tag":[],"class_list":{"0":"post-12224","1":"product","2":"type-product","3":"status-publish","4":"has-post-thumbnail","6":"product_cat-ginebres-especials-ca","8":"first","9":"instock","10":"taxable","11":"shipping-taxable","12":"purchasable","13":"product-type-simple"},"acf":[],"_links":{"self":[{"href":"https:\/\/teichenne.com\/ca\/wp-json\/wp\/v2\/product\/12224","targetHints":{"allow":["GET"]}}],"collection":[{"href":"https:\/\/teichenne.com\/ca\/wp-json\/wp\/v2\/product"}],"about":[{"href":"https:\/\/teichenne.com\/ca\/wp-json\/wp\/v2\/types\/product"}],"replies":[{"embeddable":true,"href":"https:\/\/teichenne.com\/ca\/wp-json\/wp\/v2\/comments?post=12224"}],"version-history":[{"count":4,"href":"https:\/\/teichenne.com\/ca\/wp-json\/wp\/v2\/product\/12224\/revisions"}],"predecessor-version":[{"id":12230,"href":"https:\/\/teichenne.com\/ca\/wp-json\/wp\/v2\/product\/12224\/revisions\/12230"}],"wp:featuredmedia":[{"embeddable":true,"href":"https:\/\/teichenne.com\/ca\/wp-json\/wp\/v2\/media\/20400"}],"wp:attachment":[{"href":"https:\/\/teichenne.com\/ca\/wp-json\/wp\/v2\/media?parent=12224"}],"wp:term":[{"taxonomy":"product_brand","embeddable":true,"href":"https:\/\/teichenne.com\/ca\/wp-json\/wp\/v2\/product_brand?post=12224"},{"taxonomy":"product_cat","embeddable":true,"href":"https:\/\/teichenne.com\/ca\/wp-json\/wp\/v2\/product_cat?post=12224"},{"taxonomy":"product_tag","embeddable":true,"href":"https:\/\/teichenne.com\/ca\/wp-json\/wp\/v2\/product_tag?post=12224"}],"curies":[{"name":"wp","href":"https:\/\/api.w.org\/{rel}","templated":true}]}}