{"id":12253,"date":"2021-04-14T15:26:43","date_gmt":"2021-04-14T15:26:43","guid":{"rendered":"https:\/\/teichenne.com\/shop\/Sense%20categoria\/kinross-gin-pink-375-vol\/"},"modified":"2025-03-28T15:11:03","modified_gmt":"2025-03-28T13:11:03","slug":"kinross-gin-pink","status":"publish","type":"product","link":"https:\/\/teichenne.com\/ca\/producto\/kinross-gin-pink\/","title":{"rendered":"Kinross Gin Pink"},"content":{"rendered":"<p style=\"background: white; margin: 8.25pt 0cm 8.25pt 0cm;\"><span style=\"color: #003366;\"><strong><span style=\"font-family: Lato, sans-serif;\">Aspecte:<\/span><\/strong><span style=\"font-family: Lato, sans-serif;\"> Color rosa maduixa.<\/span><\/span><\/p>\n<p style=\"background: white; margin: 8.25pt 0cm 8.25pt 0cm;\"><span style=\"color: #003366;\"><strong><span style=\"font-family: Lato, sans-serif;\">Aroma:<\/span><\/strong><span style=\"font-family: Lato, sans-serif;\"> Delici\u00f3s aroma a maduixes dolces, fresc i elegant.<br \/>\n<\/span><\/span><\/p>\n<p style=\"background: white; margin: 8.25pt 0cm 8.25pt 0cm;\"><span style=\"color: #003366;\"><strong><span style=\"font-family: Lato, sans-serif;\">Sabor i textura:<\/span><\/strong><span style=\"font-family: Lato, sans-serif;\"> En boca \u00e9s dol\u00e7 i ben estructurat. Llaminera en boca.<\/span><\/span><\/p>\n","protected":false},"excerpt":{"rendered":"<p>Kinross Pink \u00e9s una ginebra triple destil\u00b7lada, 40% Vol. Obtinguda a partir d\u2019alcohol rectificat de cereals que macera i destil\u00b7la el ginebr\u00f3 combinat amb diferents bot\u00e0nics. Aroma elegant i fresc. Dol\u00e7os matisos a la boca amb notes finals lletoses.<\/p>\n","protected":false},"featured_media":20030,"comment_status":"open","ping_status":"closed","template":"","meta":{"_acf_changed":false},"product_brand":[],"product_cat":[106],"product_tag":[],"class_list":{"0":"post-12253","1":"product","2":"type-product","3":"status-publish","4":"has-post-thumbnail","6":"product_cat-ginebres-especials-ca","8":"first","9":"instock","10":"taxable","11":"shipping-taxable","12":"purchasable","13":"product-type-simple"},"acf":[],"_links":{"self":[{"href":"https:\/\/teichenne.com\/ca\/wp-json\/wp\/v2\/product\/12253","targetHints":{"allow":["GET"]}}],"collection":[{"href":"https:\/\/teichenne.com\/ca\/wp-json\/wp\/v2\/product"}],"about":[{"href":"https:\/\/teichenne.com\/ca\/wp-json\/wp\/v2\/types\/product"}],"replies":[{"embeddable":true,"href":"https:\/\/teichenne.com\/ca\/wp-json\/wp\/v2\/comments?post=12253"}],"version-history":[{"count":3,"href":"https:\/\/teichenne.com\/ca\/wp-json\/wp\/v2\/product\/12253\/revisions"}],"predecessor-version":[{"id":18693,"href":"https:\/\/teichenne.com\/ca\/wp-json\/wp\/v2\/product\/12253\/revisions\/18693"}],"wp:featuredmedia":[{"embeddable":true,"href":"https:\/\/teichenne.com\/ca\/wp-json\/wp\/v2\/media\/20030"}],"wp:attachment":[{"href":"https:\/\/teichenne.com\/ca\/wp-json\/wp\/v2\/media?parent=12253"}],"wp:term":[{"taxonomy":"product_brand","embeddable":true,"href":"https:\/\/teichenne.com\/ca\/wp-json\/wp\/v2\/product_brand?post=12253"},{"taxonomy":"product_cat","embeddable":true,"href":"https:\/\/teichenne.com\/ca\/wp-json\/wp\/v2\/product_cat?post=12253"},{"taxonomy":"product_tag","embeddable":true,"href":"https:\/\/teichenne.com\/ca\/wp-json\/wp\/v2\/product_tag?post=12253"}],"curies":[{"name":"wp","href":"https:\/\/api.w.org\/{rel}","templated":true}]}}