{"id":12293,"date":"2021-04-14T16:07:55","date_gmt":"2021-04-14T16:07:55","guid":{"rendered":"https:\/\/teichenne.com\/shop\/Sense%20categoria\/bellamare-limoncello-30-vol\/"},"modified":"2025-03-28T15:11:01","modified_gmt":"2025-03-28T13:11:01","slug":"bellamare-limoncello","status":"publish","type":"product","link":"https:\/\/teichenne.com\/ca\/producto\/bellamare-limoncello\/","title":{"rendered":"Bellamare Limoncello"},"content":{"rendered":"<p style=\"background: white; margin: 8.25pt 0cm 8.25pt 0cm;\"><strong><span lang=\"ES\" style=\"font-family: 'Lato',sans-serif; color: #222222;\">Aspecte:<\/span><\/strong><span lang=\"ES\" style=\"font-family: 'Lato',sans-serif; color: #222222;\">\u00a0Crema de licor emulsionada. Color groc canari.<\/span><\/p>\n<p style=\"background: white; margin: 8.25pt 0cm 8.25pt 0cm;\"><strong><span lang=\"ES\" style=\"font-family: 'Lato',sans-serif; color: #222222;\">Aroma:<\/span><\/strong><span lang=\"ES\" style=\"font-family: 'Lato',sans-serif; color: #222222;\">\u00a0Aromes intensos a llimona, amb lleus notes florals.<\/span><\/p>\n<p style=\"background: white; margin: 8.25pt 0cm 8.25pt 0cm;\"><strong><span lang=\"ES\" style=\"font-family: 'Lato',sans-serif; color: #222222;\">Sabor i textura:<\/span><\/strong><span lang=\"ES\" style=\"font-family: 'Lato',sans-serif; color: #222222;\">\u00a0Dens. En boca \u00e9s dol\u00e7 i ben estructurat. La pot\u00e8ncia del seu grau alcoh\u00f2lic s\u2019integra perfectament amb la densitat que li confereix el sucre. Mel\u00f3s.<\/span><\/p>\n","protected":false},"excerpt":{"rendered":"<p>El nostre limoncello i el seu aroma intens a llimona, amb lleus notes florals, \u00e9s dens, mel\u00f3s i dol\u00e7 en boca.<\/p>\n","protected":false},"featured_media":21171,"comment_status":"open","ping_status":"closed","template":"","meta":{"_acf_changed":false},"product_brand":[],"product_cat":[107],"product_tag":[],"class_list":{"0":"post-12293","1":"product","2":"type-product","3":"status-publish","4":"has-post-thumbnail","6":"product_cat-licoreres-especials","8":"first","9":"instock","10":"taxable","11":"shipping-taxable","12":"purchasable","13":"product-type-simple"},"acf":[],"_links":{"self":[{"href":"https:\/\/teichenne.com\/ca\/wp-json\/wp\/v2\/product\/12293","targetHints":{"allow":["GET"]}}],"collection":[{"href":"https:\/\/teichenne.com\/ca\/wp-json\/wp\/v2\/product"}],"about":[{"href":"https:\/\/teichenne.com\/ca\/wp-json\/wp\/v2\/types\/product"}],"replies":[{"embeddable":true,"href":"https:\/\/teichenne.com\/ca\/wp-json\/wp\/v2\/comments?post=12293"}],"version-history":[{"count":2,"href":"https:\/\/teichenne.com\/ca\/wp-json\/wp\/v2\/product\/12293\/revisions"}],"predecessor-version":[{"id":14169,"href":"https:\/\/teichenne.com\/ca\/wp-json\/wp\/v2\/product\/12293\/revisions\/14169"}],"wp:featuredmedia":[{"embeddable":true,"href":"https:\/\/teichenne.com\/ca\/wp-json\/wp\/v2\/media\/21171"}],"wp:attachment":[{"href":"https:\/\/teichenne.com\/ca\/wp-json\/wp\/v2\/media?parent=12293"}],"wp:term":[{"taxonomy":"product_brand","embeddable":true,"href":"https:\/\/teichenne.com\/ca\/wp-json\/wp\/v2\/product_brand?post=12293"},{"taxonomy":"product_cat","embeddable":true,"href":"https:\/\/teichenne.com\/ca\/wp-json\/wp\/v2\/product_cat?post=12293"},{"taxonomy":"product_tag","embeddable":true,"href":"https:\/\/teichenne.com\/ca\/wp-json\/wp\/v2\/product_tag?post=12293"}],"curies":[{"name":"wp","href":"https:\/\/api.w.org\/{rel}","templated":true}]}}