{"id":12337,"date":"2021-04-14T08:29:37","date_gmt":"2021-04-14T08:29:37","guid":{"rendered":"https:\/\/teichenne.com\/shop\/Sense%20categoria\/orujo-olave-destilado-40-vol\/"},"modified":"2025-03-28T15:11:05","modified_gmt":"2025-03-28T13:11:05","slug":"orujo-olave-destil%c2%b7lat","status":"publish","type":"product","link":"https:\/\/teichenne.com\/ca\/producto\/orujo-olave-destil%c2%b7lat\/","title":{"rendered":"Orujo Olave Destil\u00b7lat"},"content":{"rendered":"<p style=\"background: white; margin: 8.25pt 0cm 8.25pt 0cm;\"><strong><span lang=\"ES\" style=\"font-family: 'Lato',sans-serif; color: #222222;\">Aspecte:<\/span><\/strong><span lang=\"ES\" style=\"font-family: 'Lato',sans-serif; color: #222222;\">\u00a0De color transparent totalment brillant i net.<\/span><\/p>\n<p style=\"background: white; margin: 8.25pt 0cm 8.25pt 0cm;\"><strong><span lang=\"ES\" style=\"font-family: 'Lato',sans-serif; color: #222222;\">Aroma:<\/span><\/strong><span lang=\"ES\" style=\"font-family: 'Lato',sans-serif; color: #222222;\">\u00a0Aroma intens i net, fragant i molt estructurat.<\/span><\/p>\n<p style=\"background: white; margin: 8.25pt 0cm 8.25pt 0cm;\"><strong><span lang=\"ES\" style=\"font-family: 'Lato',sans-serif; color: #222222;\">Sabor i textura:<\/span><\/strong><span lang=\"ES\" style=\"font-family: 'Lato',sans-serif; color: #222222;\">\u00a0Sabor suau i intens que ens recorda al bag\u00e0s de ra\u00efm acabat de fermentar.<\/span><\/p>\n","protected":false},"excerpt":{"rendered":"<p>El nostre Orujo t\u00e9 un aroma intens i net, sabor suau i intens que ens recorda al bag\u00e0s de ra\u00efm acabat de fermentar.<\/p>\n","protected":false},"featured_media":21180,"comment_status":"open","ping_status":"closed","template":"","meta":{"_acf_changed":false},"product_brand":[],"product_cat":[109],"product_tag":[],"class_list":{"0":"post-12337","1":"product","2":"type-product","3":"status-publish","4":"has-post-thumbnail","6":"product_cat-orujo-licors-ca","8":"first","9":"instock","10":"taxable","11":"shipping-taxable","12":"purchasable","13":"product-type-simple"},"acf":[],"_links":{"self":[{"href":"https:\/\/teichenne.com\/ca\/wp-json\/wp\/v2\/product\/12337","targetHints":{"allow":["GET"]}}],"collection":[{"href":"https:\/\/teichenne.com\/ca\/wp-json\/wp\/v2\/product"}],"about":[{"href":"https:\/\/teichenne.com\/ca\/wp-json\/wp\/v2\/types\/product"}],"replies":[{"embeddable":true,"href":"https:\/\/teichenne.com\/ca\/wp-json\/wp\/v2\/comments?post=12337"}],"version-history":[{"count":3,"href":"https:\/\/teichenne.com\/ca\/wp-json\/wp\/v2\/product\/12337\/revisions"}],"predecessor-version":[{"id":12350,"href":"https:\/\/teichenne.com\/ca\/wp-json\/wp\/v2\/product\/12337\/revisions\/12350"}],"wp:featuredmedia":[{"embeddable":true,"href":"https:\/\/teichenne.com\/ca\/wp-json\/wp\/v2\/media\/21180"}],"wp:attachment":[{"href":"https:\/\/teichenne.com\/ca\/wp-json\/wp\/v2\/media?parent=12337"}],"wp:term":[{"taxonomy":"product_brand","embeddable":true,"href":"https:\/\/teichenne.com\/ca\/wp-json\/wp\/v2\/product_brand?post=12337"},{"taxonomy":"product_cat","embeddable":true,"href":"https:\/\/teichenne.com\/ca\/wp-json\/wp\/v2\/product_cat?post=12337"},{"taxonomy":"product_tag","embeddable":true,"href":"https:\/\/teichenne.com\/ca\/wp-json\/wp\/v2\/product_tag?post=12337"}],"curies":[{"name":"wp","href":"https:\/\/api.w.org\/{rel}","templated":true}]}}