{"id":12397,"date":"2021-04-30T08:40:54","date_gmt":"2021-04-30T08:40:54","guid":{"rendered":"https:\/\/teichenne.com\/shop\/Sense%20categoria\/licor-triple-seco-40-vol\/"},"modified":"2025-03-28T15:11:00","modified_gmt":"2025-03-28T13:11:00","slug":"licor-triple-sec","status":"publish","type":"product","link":"https:\/\/teichenne.com\/ca\/producto\/licor-triple-sec\/","title":{"rendered":"Licor Triple Sec"},"content":{"rendered":"<p style=\"background: white; margin: 8.25pt 0cm 8.25pt 0cm;\"><strong><span lang=\"ES\" style=\"font-family: 'Lato',sans-serif; color: #222222;\">Aspecte:<\/span><\/strong><span lang=\"ES\" style=\"font-family: 'Lato',sans-serif; color: #222222;\">\u00a0L\u00edquid transparent i incolor.<\/span><\/p>\n<p style=\"background: white; margin: 8.25pt 0cm 8.25pt 0cm;\"><strong><span lang=\"ES\" style=\"font-family: 'Lato',sans-serif; color: #222222;\">Aroma:<\/span><\/strong><span lang=\"ES\" style=\"font-family: 'Lato',sans-serif; color: #222222;\">\u00a0Presenta notes c\u00edtriques caracter\u00edstica de la taronja amarga destil\u00b7lada.<\/span><\/p>\n<p style=\"background: white; margin: 8.25pt 0cm 8.25pt 0cm;\"><strong><span lang=\"ES\" style=\"font-family: 'Lato',sans-serif; color: #222222;\">Sabor i textura:<\/span><\/strong><span lang=\"ES\" style=\"font-family: 'Lato',sans-serif; color: #222222;\">\u00a0Textura untuosa, gust de taronja amb notes amargues. Presenta subtils notes florals.<\/span><\/p>\n","protected":false},"excerpt":{"rendered":"<p>Presenta notes c\u00edtriques caracter\u00edstica de la taronja amarga destil\u00b7lada amb subtils notes florals.<\/p>\n<p>La senzillesa, l\u2019eleg\u00e0ncia i la qualitat del sabor fan que qualsevol consumidor els pugui degustar sense barrejar, nom\u00e9s afegint una mica de gel. Les possibilitats s\u00f3n molt \u00e0mplies, cada consumidor i professional trobar\u00e0 en els Licors Teichenn\u00e9 el que necessita per complir les seves m\u00e0ximes expectatives.<\/p>\n","protected":false},"featured_media":21174,"comment_status":"open","ping_status":"closed","template":"","meta":{"_acf_changed":false},"product_brand":[],"product_cat":[107],"product_tag":[],"class_list":{"0":"post-12397","1":"product","2":"type-product","3":"status-publish","4":"has-post-thumbnail","6":"product_cat-licoreres-especials","8":"first","9":"instock","10":"taxable","11":"shipping-taxable","12":"purchasable","13":"product-type-simple"},"acf":[],"_links":{"self":[{"href":"https:\/\/teichenne.com\/ca\/wp-json\/wp\/v2\/product\/12397","targetHints":{"allow":["GET"]}}],"collection":[{"href":"https:\/\/teichenne.com\/ca\/wp-json\/wp\/v2\/product"}],"about":[{"href":"https:\/\/teichenne.com\/ca\/wp-json\/wp\/v2\/types\/product"}],"replies":[{"embeddable":true,"href":"https:\/\/teichenne.com\/ca\/wp-json\/wp\/v2\/comments?post=12397"}],"version-history":[{"count":2,"href":"https:\/\/teichenne.com\/ca\/wp-json\/wp\/v2\/product\/12397\/revisions"}],"predecessor-version":[{"id":12405,"href":"https:\/\/teichenne.com\/ca\/wp-json\/wp\/v2\/product\/12397\/revisions\/12405"}],"wp:featuredmedia":[{"embeddable":true,"href":"https:\/\/teichenne.com\/ca\/wp-json\/wp\/v2\/media\/21174"}],"wp:attachment":[{"href":"https:\/\/teichenne.com\/ca\/wp-json\/wp\/v2\/media?parent=12397"}],"wp:term":[{"taxonomy":"product_brand","embeddable":true,"href":"https:\/\/teichenne.com\/ca\/wp-json\/wp\/v2\/product_brand?post=12397"},{"taxonomy":"product_cat","embeddable":true,"href":"https:\/\/teichenne.com\/ca\/wp-json\/wp\/v2\/product_cat?post=12397"},{"taxonomy":"product_tag","embeddable":true,"href":"https:\/\/teichenne.com\/ca\/wp-json\/wp\/v2\/product_tag?post=12397"}],"curies":[{"name":"wp","href":"https:\/\/api.w.org\/{rel}","templated":true}]}}