{"id":12430,"date":"2021-04-14T16:21:51","date_gmt":"2021-04-14T16:21:51","guid":{"rendered":"https:\/\/teichenne.com\/shop\/Sense%20categoria\/ron-magua-blanco-caribeno-375-vol\/"},"modified":"2025-03-28T15:11:01","modified_gmt":"2025-03-28T13:11:01","slug":"rom-magua-blanc","status":"publish","type":"product","link":"https:\/\/teichenne.com\/ca\/producto\/rom-magua-blanc\/","title":{"rendered":"Rom Magu\u00e1 Blanc"},"content":{"rendered":"<p style=\"background: white; margin: 8.25pt 0cm 8.25pt 0cm;\"><span style=\"font-family: 'Lato',sans-serif; color: #222222;\"><strong>Aspecte:<\/strong> De color transparent totalment brillant i l\u00edmpid.<\/span><\/p>\n<p style=\"background: white; margin: 8.25pt 0cm 8.25pt 0cm;\"><span style=\"font-family: 'Lato',sans-serif; color: #222222;\"><strong>Aromas:<\/strong> Aroma fi i delicat amb matisos de l&#8217;aroma de la canya fresca destil\u00b7lada.<\/span><\/p>\n<p style=\"background: white; margin: 8.25pt 0cm 8.25pt 0cm;\"><span style=\"font-family: 'Lato',sans-serif; color: #222222;\"><strong>Sabor y textura:<\/strong> Sabor suau arom\u00e0tic i delicat que ens recorden subtils frag\u00e0ncies a fruits secs i massap\u00e0.<\/span><\/p>\n","protected":false},"excerpt":{"rendered":"<p>Rom elaborat a partir de la fermentaci\u00f3 i la destil\u00b7laci\u00f3 d\u2019una fina melassa de canya de sucre.<br \/>\nExpressa noblesa d\u2019una acurada selecci\u00f3 d\u2019aiguardents de canya, fermentats i destil\u00b7lats en el mes ancestral celler.<\/p>\n<p>Rom especial per a tot tipus de combinats amb base de refrescos de fruites i tamb\u00e9 per al cl\u00e0ssic Mojito.<\/p>\n","protected":false},"featured_media":19831,"comment_status":"open","ping_status":"closed","template":"","meta":{"_acf_changed":false},"product_brand":[],"product_cat":[111],"product_tag":[],"class_list":{"0":"post-12430","1":"product","2":"type-product","3":"status-publish","4":"has-post-thumbnail","6":"product_cat-rom","8":"first","9":"instock","10":"taxable","11":"shipping-taxable","12":"purchasable","13":"product-type-simple"},"acf":[],"_links":{"self":[{"href":"https:\/\/teichenne.com\/ca\/wp-json\/wp\/v2\/product\/12430","targetHints":{"allow":["GET"]}}],"collection":[{"href":"https:\/\/teichenne.com\/ca\/wp-json\/wp\/v2\/product"}],"about":[{"href":"https:\/\/teichenne.com\/ca\/wp-json\/wp\/v2\/types\/product"}],"replies":[{"embeddable":true,"href":"https:\/\/teichenne.com\/ca\/wp-json\/wp\/v2\/comments?post=12430"}],"version-history":[{"count":3,"href":"https:\/\/teichenne.com\/ca\/wp-json\/wp\/v2\/product\/12430\/revisions"}],"predecessor-version":[{"id":20050,"href":"https:\/\/teichenne.com\/ca\/wp-json\/wp\/v2\/product\/12430\/revisions\/20050"}],"wp:featuredmedia":[{"embeddable":true,"href":"https:\/\/teichenne.com\/ca\/wp-json\/wp\/v2\/media\/19831"}],"wp:attachment":[{"href":"https:\/\/teichenne.com\/ca\/wp-json\/wp\/v2\/media?parent=12430"}],"wp:term":[{"taxonomy":"product_brand","embeddable":true,"href":"https:\/\/teichenne.com\/ca\/wp-json\/wp\/v2\/product_brand?post=12430"},{"taxonomy":"product_cat","embeddable":true,"href":"https:\/\/teichenne.com\/ca\/wp-json\/wp\/v2\/product_cat?post=12430"},{"taxonomy":"product_tag","embeddable":true,"href":"https:\/\/teichenne.com\/ca\/wp-json\/wp\/v2\/product_tag?post=12430"}],"curies":[{"name":"wp","href":"https:\/\/api.w.org\/{rel}","templated":true}]}}