{"id":12440,"date":"2021-04-13T15:10:42","date_gmt":"2021-04-13T15:10:42","guid":{"rendered":"https:\/\/teichenne.com\/shop\/Sense%20categoria\/old-level-scotch-whisky-40-vol\/"},"modified":"2025-03-28T15:11:05","modified_gmt":"2025-03-28T13:11:05","slug":"old-level-scotch-whisky","status":"publish","type":"product","link":"https:\/\/teichenne.com\/ca\/producto\/old-level-scotch-whisky\/","title":{"rendered":"Old Level Scotch Whisky"},"content":{"rendered":"<p><strong>Aspecte: <\/strong>Whisky de color groc ambre. L\u00edmpid i brillant.<\/p>\n<p><strong>Aroma: <\/strong>En nas es percep notes persistents fumades i minerals.<\/p>\n<p><strong>Sabor i textura: <\/strong>Equilibrat i ben estructurat. En boca percebem sabors que ens recorden la malta, fruits secs i esp\u00e8cies.<\/p>\n","protected":false},"excerpt":{"rendered":"<p>Old Level Scotch Whisky s&#8217;elabora a partir d&#8217;una barreja de whisky de gra i whisky de malta. El gra es cultiva, malteja, fermenta, destil\u00b7la, barreja i envelleix durant almenys tres anys en b\u00f3ta de roure a Esc\u00f2cia, sota la Denominaci\u00f3 d&#8217;Origen del whisky escoc\u00e8s.<\/p>\n","protected":false},"featured_media":20449,"comment_status":"open","ping_status":"closed","template":"","meta":{"_acf_changed":false},"product_brand":[],"product_cat":[112],"product_tag":[],"class_list":{"0":"post-12440","1":"product","2":"type-product","3":"status-publish","4":"has-post-thumbnail","6":"product_cat-whisky-ca","8":"first","9":"instock","10":"taxable","11":"shipping-taxable","12":"purchasable","13":"product-type-simple"},"acf":[],"_links":{"self":[{"href":"https:\/\/teichenne.com\/ca\/wp-json\/wp\/v2\/product\/12440","targetHints":{"allow":["GET"]}}],"collection":[{"href":"https:\/\/teichenne.com\/ca\/wp-json\/wp\/v2\/product"}],"about":[{"href":"https:\/\/teichenne.com\/ca\/wp-json\/wp\/v2\/types\/product"}],"replies":[{"embeddable":true,"href":"https:\/\/teichenne.com\/ca\/wp-json\/wp\/v2\/comments?post=12440"}],"version-history":[{"count":2,"href":"https:\/\/teichenne.com\/ca\/wp-json\/wp\/v2\/product\/12440\/revisions"}],"predecessor-version":[{"id":12449,"href":"https:\/\/teichenne.com\/ca\/wp-json\/wp\/v2\/product\/12440\/revisions\/12449"}],"wp:featuredmedia":[{"embeddable":true,"href":"https:\/\/teichenne.com\/ca\/wp-json\/wp\/v2\/media\/20449"}],"wp:attachment":[{"href":"https:\/\/teichenne.com\/ca\/wp-json\/wp\/v2\/media?parent=12440"}],"wp:term":[{"taxonomy":"product_brand","embeddable":true,"href":"https:\/\/teichenne.com\/ca\/wp-json\/wp\/v2\/product_brand?post=12440"},{"taxonomy":"product_cat","embeddable":true,"href":"https:\/\/teichenne.com\/ca\/wp-json\/wp\/v2\/product_cat?post=12440"},{"taxonomy":"product_tag","embeddable":true,"href":"https:\/\/teichenne.com\/ca\/wp-json\/wp\/v2\/product_tag?post=12440"}],"curies":[{"name":"wp","href":"https:\/\/api.w.org\/{rel}","templated":true}]}}