{"id":12492,"date":"2021-05-03T07:53:54","date_gmt":"2021-05-03T07:53:54","guid":{"rendered":"https:\/\/teichenne.com\/shop\/Sense%20categoria\/ron-magua-anejo-dominicano-375-vol\/"},"modified":"2025-09-03T09:39:07","modified_gmt":"2025-09-03T07:39:07","slug":"rom-magua-anejo-seleccio-100cl","status":"publish","type":"product","link":"https:\/\/teichenne.com\/ca\/producto\/rom-magua-anejo-seleccio-100cl\/","title":{"rendered":"Rom Magua A\u00f1ejo Selecci\u00f3 100cl."},"content":{"rendered":"<p><strong>Aspecte:<\/strong> Color ambre amb ribets rogencs. Brillant i net.<\/p>\n<p><strong>Aroma:\u00a0 <\/strong>Aroma suau i elegant que integra perfectament la frescor de la canya destil\u00b7lada i la vainilla que proporciona l&#8217;envelliment en b\u00f3tes de roure americ\u00e0. Equilibrat i no molt complex.<\/p>\n<p><strong>Sabor i textura:\u00a0 <\/strong>En boca es presenta amb notes de fusta, vainilla, caramel i subtils notes de xocolata.<\/p>\n","protected":false},"excerpt":{"rendered":"<p>Rom A\u00f1ejo Selecci\u00f3 elaborat a partir de la fermentaci\u00f3 d\u2019una fina melassa de canya de sucre, destil\u00b7lada, madurada i envellida 1 any en b\u00f3ta de roure americ\u00e0.<br \/>\nExpressa noblesa d\u2019una acurada selecci\u00f3 d\u2019aiguardents de canya dominicans, criats i envellits entre el misteri i la serenitat de la m\u00e9s ancestral celler.<\/p>\n<p>Rom especial per a tot tipus de combinats amb base de refrescos de fruites i tamb\u00e9 per al combinat cl\u00e0ssic amb refresc de cola. Un rom f\u00e0cil de prendre sol, o en got ample amb gel.<\/p>\n","protected":false},"featured_media":19838,"comment_status":"open","ping_status":"closed","template":"","meta":{"_acf_changed":false},"product_brand":[],"product_cat":[111],"product_tag":[],"class_list":{"0":"post-12492","1":"product","2":"type-product","3":"status-publish","4":"has-post-thumbnail","6":"product_cat-rom","8":"first","9":"instock","10":"taxable","11":"shipping-taxable","12":"purchasable","13":"product-type-simple"},"acf":[],"_links":{"self":[{"href":"https:\/\/teichenne.com\/ca\/wp-json\/wp\/v2\/product\/12492","targetHints":{"allow":["GET"]}}],"collection":[{"href":"https:\/\/teichenne.com\/ca\/wp-json\/wp\/v2\/product"}],"about":[{"href":"https:\/\/teichenne.com\/ca\/wp-json\/wp\/v2\/types\/product"}],"replies":[{"embeddable":true,"href":"https:\/\/teichenne.com\/ca\/wp-json\/wp\/v2\/comments?post=12492"}],"version-history":[{"count":4,"href":"https:\/\/teichenne.com\/ca\/wp-json\/wp\/v2\/product\/12492\/revisions"}],"predecessor-version":[{"id":19848,"href":"https:\/\/teichenne.com\/ca\/wp-json\/wp\/v2\/product\/12492\/revisions\/19848"}],"wp:featuredmedia":[{"embeddable":true,"href":"https:\/\/teichenne.com\/ca\/wp-json\/wp\/v2\/media\/19838"}],"wp:attachment":[{"href":"https:\/\/teichenne.com\/ca\/wp-json\/wp\/v2\/media?parent=12492"}],"wp:term":[{"taxonomy":"product_brand","embeddable":true,"href":"https:\/\/teichenne.com\/ca\/wp-json\/wp\/v2\/product_brand?post=12492"},{"taxonomy":"product_cat","embeddable":true,"href":"https:\/\/teichenne.com\/ca\/wp-json\/wp\/v2\/product_cat?post=12492"},{"taxonomy":"product_tag","embeddable":true,"href":"https:\/\/teichenne.com\/ca\/wp-json\/wp\/v2\/product_tag?post=12492"}],"curies":[{"name":"wp","href":"https:\/\/api.w.org\/{rel}","templated":true}]}}