{"id":12745,"date":"2021-04-14T11:13:57","date_gmt":"2021-04-14T11:13:57","guid":{"rendered":"https:\/\/teichenne.com\/shop\/Sense%20categoria\/karlova-violet-vodka-20-vol\/"},"modified":"2025-03-28T15:11:04","modified_gmt":"2025-03-28T13:11:04","slug":"karlova-violet-vodka","status":"publish","type":"product","link":"https:\/\/teichenne.com\/ca\/producto\/karlova-violet-vodka\/","title":{"rendered":"Karlova Violet Vodka"},"content":{"rendered":"<p><strong>Aspecte: <\/strong>Colora blau violeta intens. Brillant i transparent.<\/p>\n<p><strong>Aroma: <\/strong>Aroma persistent que integra notes t\u00edpiques a mora i gerd.<\/p>\n<p><strong>Sabor i textura: <\/strong>L&#8217;entrada en boca \u00e9s seca. Al paladar s\u2019acoblen perfectament notes dolces, amargues i c\u00edtriques. Els 20\u00ba alcoh\u00f2lics li confereixen un final de boca equilibrat agradable i refrescant.<\/p>\n<p>&nbsp;<\/p>\n","protected":false},"excerpt":{"rendered":"<p>Avui en dia, l&#8217;origen i la tradici\u00f3 de Karlova es barreja amb les tend\u00e8ncies m\u00e9s avantguardistes, on les fruites, els sabors i el color cobren total protagonisme, donant pas a les noves concepcions de consum principalment entre el p\u00fablic m\u00e9s jove.<\/p>\n<p>Karlova violet vodka \u00e9s agradable i refrescant, amb una aroma persistent que integra notes t\u00edpiques a mora i gerd.<\/p>\n","protected":false},"featured_media":20616,"comment_status":"open","ping_status":"closed","template":"","meta":{"_acf_changed":false},"product_brand":[],"product_cat":[114],"product_tag":[],"class_list":{"0":"post-12745","1":"product","2":"type-product","3":"status-publish","4":"has-post-thumbnail","6":"product_cat-vodka-i-sabors-ca","8":"first","9":"instock","10":"taxable","11":"shipping-taxable","12":"purchasable","13":"product-type-simple"},"acf":[],"_links":{"self":[{"href":"https:\/\/teichenne.com\/ca\/wp-json\/wp\/v2\/product\/12745","targetHints":{"allow":["GET"]}}],"collection":[{"href":"https:\/\/teichenne.com\/ca\/wp-json\/wp\/v2\/product"}],"about":[{"href":"https:\/\/teichenne.com\/ca\/wp-json\/wp\/v2\/types\/product"}],"replies":[{"embeddable":true,"href":"https:\/\/teichenne.com\/ca\/wp-json\/wp\/v2\/comments?post=12745"}],"version-history":[{"count":2,"href":"https:\/\/teichenne.com\/ca\/wp-json\/wp\/v2\/product\/12745\/revisions"}],"predecessor-version":[{"id":12757,"href":"https:\/\/teichenne.com\/ca\/wp-json\/wp\/v2\/product\/12745\/revisions\/12757"}],"wp:featuredmedia":[{"embeddable":true,"href":"https:\/\/teichenne.com\/ca\/wp-json\/wp\/v2\/media\/20616"}],"wp:attachment":[{"href":"https:\/\/teichenne.com\/ca\/wp-json\/wp\/v2\/media?parent=12745"}],"wp:term":[{"taxonomy":"product_brand","embeddable":true,"href":"https:\/\/teichenne.com\/ca\/wp-json\/wp\/v2\/product_brand?post=12745"},{"taxonomy":"product_cat","embeddable":true,"href":"https:\/\/teichenne.com\/ca\/wp-json\/wp\/v2\/product_cat?post=12745"},{"taxonomy":"product_tag","embeddable":true,"href":"https:\/\/teichenne.com\/ca\/wp-json\/wp\/v2\/product_tag?post=12745"}],"curies":[{"name":"wp","href":"https:\/\/api.w.org\/{rel}","templated":true}]}}