{"id":12812,"date":"2021-04-14T11:09:09","date_gmt":"2021-04-14T11:09:09","guid":{"rendered":"https:\/\/teichenne.com\/shop\/Sense%20categoria\/karlova-red-vodka-20-vol\/"},"modified":"2025-03-28T15:11:04","modified_gmt":"2025-03-28T13:11:04","slug":"karlova-red-vodka","status":"publish","type":"product","link":"https:\/\/teichenne.com\/ca\/producto\/karlova-red-vodka\/","title":{"rendered":"Karlova Red Vodka"},"content":{"rendered":"<p><strong>Aspecte<\/strong><strong>: <\/strong>Color vermell cirera. Brillant i cristal\u00b7l\u00ed.<\/p>\n<p><strong>Aroma: <\/strong>Aroma persistent que integra notes t\u00edpiques a cirera, pruna i aranyons.<\/p>\n<p><strong>Sabor i textura: <\/strong>L&#8217;entrada en boca \u00e9s seca i llaminera alhora. Al paladar s&#8217;acoblen perfectament els 20\u00ba alcoh\u00f2lics amb un punt just de dol\u00e7or i acidesa que li atorga un final de boca agradable i refrescant.<\/p>\n","protected":false},"excerpt":{"rendered":"<p>Avui en dia, l&#8217;origen i la tradici\u00f3 de Karlova es barreja amb les tend\u00e8ncies m\u00e9s avantguardistes, on les fruites, els sabors i el color cobren total protagonisme, donant pas a les noves concepcions de consum principalment entre el p\u00fablic m\u00e9s jove.<\/p>\n<p>Karlova red vodka \u00e9s sec i llaminer alhora, amb notes t\u00edpiques a cirera, pruna i aranyons.<\/p>\n","protected":false},"featured_media":20613,"comment_status":"open","ping_status":"closed","template":"","meta":{"_acf_changed":false},"product_brand":[],"product_cat":[114],"product_tag":[],"class_list":{"0":"post-12812","1":"product","2":"type-product","3":"status-publish","4":"has-post-thumbnail","6":"product_cat-vodka-i-sabors-ca","8":"first","9":"instock","10":"taxable","11":"shipping-taxable","12":"purchasable","13":"product-type-simple"},"acf":[],"_links":{"self":[{"href":"https:\/\/teichenne.com\/ca\/wp-json\/wp\/v2\/product\/12812","targetHints":{"allow":["GET"]}}],"collection":[{"href":"https:\/\/teichenne.com\/ca\/wp-json\/wp\/v2\/product"}],"about":[{"href":"https:\/\/teichenne.com\/ca\/wp-json\/wp\/v2\/types\/product"}],"replies":[{"embeddable":true,"href":"https:\/\/teichenne.com\/ca\/wp-json\/wp\/v2\/comments?post=12812"}],"version-history":[{"count":2,"href":"https:\/\/teichenne.com\/ca\/wp-json\/wp\/v2\/product\/12812\/revisions"}],"predecessor-version":[{"id":12820,"href":"https:\/\/teichenne.com\/ca\/wp-json\/wp\/v2\/product\/12812\/revisions\/12820"}],"wp:featuredmedia":[{"embeddable":true,"href":"https:\/\/teichenne.com\/ca\/wp-json\/wp\/v2\/media\/20613"}],"wp:attachment":[{"href":"https:\/\/teichenne.com\/ca\/wp-json\/wp\/v2\/media?parent=12812"}],"wp:term":[{"taxonomy":"product_brand","embeddable":true,"href":"https:\/\/teichenne.com\/ca\/wp-json\/wp\/v2\/product_brand?post=12812"},{"taxonomy":"product_cat","embeddable":true,"href":"https:\/\/teichenne.com\/ca\/wp-json\/wp\/v2\/product_cat?post=12812"},{"taxonomy":"product_tag","embeddable":true,"href":"https:\/\/teichenne.com\/ca\/wp-json\/wp\/v2\/product_tag?post=12812"}],"curies":[{"name":"wp","href":"https:\/\/api.w.org\/{rel}","templated":true}]}}