{"id":12888,"date":"2021-04-14T10:56:52","date_gmt":"2021-04-14T10:56:52","guid":{"rendered":"https:\/\/teichenne.com\/shop\/Sense%20categoria\/karlova-vodka-375-vol\/"},"modified":"2025-03-28T15:11:05","modified_gmt":"2025-03-28T13:11:05","slug":"karlova-vodka","status":"publish","type":"product","link":"https:\/\/teichenne.com\/ca\/producto\/karlova-vodka\/","title":{"rendered":"Karlova Vodka"},"content":{"rendered":"<p><strong>Aspecte<\/strong>: L\u00edquid cristal\u00b7l\u00ed i transparent.<\/p>\n<p><strong>Aroma<\/strong>: L&#8217;aroma integra notes de cereals amb lleugeres notes c\u00edtriques.<\/p>\n<p><strong>Sabor i textura<\/strong>: Entrada en boca sedosa. Alcohol molt ben integrat tot i prendre\u2019l a temperatura ambient. Molt harmoni\u00f3s.<\/p>\n","protected":false},"excerpt":{"rendered":"<p>Senzillesa, transpar\u00e8ncia i puresa, conformen l&#8217;\u00e0nima del nostre vodka. Conjugant una barreja de cereals 100%, amb aigua pura sense imperfeccions de mineralitzaci\u00f3 inexistent, i transformant-lo mitjan\u00e7ant l&#8217;aut\u00e8ntica destil\u00b7laci\u00f3 tradicional d&#8217;estil rus, neix Karlova vodka, un destil\u00b7lat que ens apropa l&#8217;ambient g\u00e8lid on va sorgir fa segles aquest destil\u00b7lat al mig dels camps de cereal, un destil\u00b7lat que ajudava a fer m\u00e9s suportable el fred polar.<\/p>\n","protected":false},"featured_media":20604,"comment_status":"open","ping_status":"closed","template":"","meta":{"_acf_changed":false},"product_brand":[],"product_cat":[114],"product_tag":[],"class_list":{"0":"post-12888","1":"product","2":"type-product","3":"status-publish","4":"has-post-thumbnail","6":"product_cat-vodka-i-sabors-ca","8":"first","9":"instock","10":"taxable","11":"shipping-taxable","12":"purchasable","13":"product-type-simple"},"acf":[],"_links":{"self":[{"href":"https:\/\/teichenne.com\/ca\/wp-json\/wp\/v2\/product\/12888","targetHints":{"allow":["GET"]}}],"collection":[{"href":"https:\/\/teichenne.com\/ca\/wp-json\/wp\/v2\/product"}],"about":[{"href":"https:\/\/teichenne.com\/ca\/wp-json\/wp\/v2\/types\/product"}],"replies":[{"embeddable":true,"href":"https:\/\/teichenne.com\/ca\/wp-json\/wp\/v2\/comments?post=12888"}],"version-history":[{"count":2,"href":"https:\/\/teichenne.com\/ca\/wp-json\/wp\/v2\/product\/12888\/revisions"}],"predecessor-version":[{"id":12904,"href":"https:\/\/teichenne.com\/ca\/wp-json\/wp\/v2\/product\/12888\/revisions\/12904"}],"wp:featuredmedia":[{"embeddable":true,"href":"https:\/\/teichenne.com\/ca\/wp-json\/wp\/v2\/media\/20604"}],"wp:attachment":[{"href":"https:\/\/teichenne.com\/ca\/wp-json\/wp\/v2\/media?parent=12888"}],"wp:term":[{"taxonomy":"product_brand","embeddable":true,"href":"https:\/\/teichenne.com\/ca\/wp-json\/wp\/v2\/product_brand?post=12888"},{"taxonomy":"product_cat","embeddable":true,"href":"https:\/\/teichenne.com\/ca\/wp-json\/wp\/v2\/product_cat?post=12888"},{"taxonomy":"product_tag","embeddable":true,"href":"https:\/\/teichenne.com\/ca\/wp-json\/wp\/v2\/product_tag?post=12888"}],"curies":[{"name":"wp","href":"https:\/\/api.w.org\/{rel}","templated":true}]}}