{"id":12996,"date":"2021-04-14T15:50:36","date_gmt":"2021-04-14T15:50:36","guid":{"rendered":"https:\/\/teichenne.com\/shop\/Sense%20categoria\/licor-de-melon-17-vol\/"},"modified":"2025-03-28T15:11:02","modified_gmt":"2025-03-28T13:11:02","slug":"licor-de-melo","status":"publish","type":"product","link":"https:\/\/teichenne.com\/ca\/producto\/licor-de-melo\/","title":{"rendered":"Licor de Mel\u00f3"},"content":{"rendered":"<p style=\"background: white; margin: 8.25pt 0cm 8.25pt 0cm;\"><span style=\"color: #003366;\"><strong><span style=\"font-family: Lato, sans-serif;\">Aspecto: <\/span><\/strong><span style=\"font-family: Lato, sans-serif;\">Transparent, brillant i cristal\u00b7l\u00ed.<\/span><\/span><\/p>\n<p style=\"background: white; margin: 8.25pt 0cm 8.25pt 0cm;\"><span style=\"color: #003366;\"><strong><span style=\"font-family: Lato, sans-serif;\">Aroma:<\/span><\/strong><span style=\"font-family: Lato, sans-serif;\"> Al<\/span><span style=\"font-family: Lato, sans-serif;\">\u00a0nas apreciem l\u2019aroma intensa i madura del mel\u00f3.<\/span><\/span><\/p>\n<p style=\"background: white; margin: 8.25pt 0cm 8.25pt 0cm;\"><span style=\"color: #003366;\"><strong><span style=\"font-family: Lato, sans-serif;\">Sabor y textura: <\/span><\/strong><span style=\"font-family: Lato, sans-serif;\">Subtil i sed\u00f3s a la boca. Rod\u00f3 i equilibrat, confereix bona estructura i persist\u00e8ncia al paladar. A la boca es percep l\u2019aroma de mel\u00f3 madur.<\/span><\/span><\/p>\n","protected":false},"excerpt":{"rendered":"<p style=\"background: white;\"><span style=\"font-family: Lato, sans-serif; color: #003366;\">Els Licors de Fruites Teichenn\u00e9 s\u00f3n perfectes per crear c\u00f2ctels cl\u00e0ssics o moderns. La gamma combina les millors fruites mediterr\u00e0nies per oferir una extracci\u00f3 de sabors veritablement \u00fanica amb una extraordin\u00e0ria mesclabilitat.<\/span><\/p>\n<p style=\"background: white;\"><span style=\"font-family: Lato, sans-serif; color: #003366;\">El nostre sabor a mel\u00f3 \u00e9s subtil i sed\u00f3s, amb una aroma intensa i madura de mel\u00f3.<\/span><\/p>\n","protected":false},"featured_media":6554,"comment_status":"open","ping_status":"closed","template":"","meta":{"_acf_changed":false},"product_brand":[],"product_cat":[127],"product_tag":[],"class_list":{"0":"post-12996","1":"product","2":"type-product","3":"status-publish","4":"has-post-thumbnail","6":"product_cat-licores-ultrapremium-ca","8":"first","9":"instock","10":"taxable","11":"shipping-taxable","12":"purchasable","13":"product-type-simple"},"acf":[],"_links":{"self":[{"href":"https:\/\/teichenne.com\/ca\/wp-json\/wp\/v2\/product\/12996","targetHints":{"allow":["GET"]}}],"collection":[{"href":"https:\/\/teichenne.com\/ca\/wp-json\/wp\/v2\/product"}],"about":[{"href":"https:\/\/teichenne.com\/ca\/wp-json\/wp\/v2\/types\/product"}],"replies":[{"embeddable":true,"href":"https:\/\/teichenne.com\/ca\/wp-json\/wp\/v2\/comments?post=12996"}],"version-history":[{"count":5,"href":"https:\/\/teichenne.com\/ca\/wp-json\/wp\/v2\/product\/12996\/revisions"}],"predecessor-version":[{"id":21339,"href":"https:\/\/teichenne.com\/ca\/wp-json\/wp\/v2\/product\/12996\/revisions\/21339"}],"wp:featuredmedia":[{"embeddable":true,"href":"https:\/\/teichenne.com\/ca\/wp-json\/wp\/v2\/media\/6554"}],"wp:attachment":[{"href":"https:\/\/teichenne.com\/ca\/wp-json\/wp\/v2\/media?parent=12996"}],"wp:term":[{"taxonomy":"product_brand","embeddable":true,"href":"https:\/\/teichenne.com\/ca\/wp-json\/wp\/v2\/product_brand?post=12996"},{"taxonomy":"product_cat","embeddable":true,"href":"https:\/\/teichenne.com\/ca\/wp-json\/wp\/v2\/product_cat?post=12996"},{"taxonomy":"product_tag","embeddable":true,"href":"https:\/\/teichenne.com\/ca\/wp-json\/wp\/v2\/product_tag?post=12996"}],"curies":[{"name":"wp","href":"https:\/\/api.w.org\/{rel}","templated":true}]}}