{"id":13013,"date":"2021-04-14T15:45:10","date_gmt":"2021-04-14T15:45:10","guid":{"rendered":"https:\/\/teichenne.com\/shop\/Sense%20categoria\/licor-de-vainilla-17-vol\/"},"modified":"2025-12-03T12:23:48","modified_gmt":"2025-12-03T10:23:48","slug":"licor-de-vainilla","status":"publish","type":"product","link":"https:\/\/teichenne.com\/ca\/producto\/licor-de-vainilla\/","title":{"rendered":"Licor de Vainilla"},"content":{"rendered":"<p style=\"background: white; margin: 8.25pt 0cm 8.25pt 0cm;\"><span style=\"color: #003366;\"><strong><span style=\"font-family: Lato, sans-serif;\">Aspecte: <\/span><\/strong><span style=\"font-family: Lato, sans-serif;\">Transparent, brillant i cristal\u00b7l\u00ed.<\/span><\/span><\/p>\n<p style=\"background: white; margin: 8.25pt 0cm 8.25pt 0cm;\"><span style=\"color: #003366;\"><strong><span style=\"font-family: Lato, sans-serif;\">Aroma:<\/span><\/strong><span style=\"font-family: Lato, sans-serif;\">\u00a0Aroma intens, fi i delicat que ens evoca a la frag\u00e0ncia de les baines de vainilla (Vanilla planifolia).<\/span><\/span><\/p>\n<p style=\"background: white; margin: 8.25pt 0cm 8.25pt 0cm;\"><span style=\"color: #003366;\"><strong><span style=\"font-family: Lato, sans-serif;\">Sabor i textura:<\/span><\/strong><span style=\"font-family: Lato, sans-serif;\">\u00a0Subtil i sed\u00f3s en boca. Rod\u00f3 i equilibrat, confereix bona estructura i persist\u00e8ncia al paladar. Servir molt fred.<\/span><\/span><\/p>\n","protected":false},"excerpt":{"rendered":"<p style=\"background: white;\"><span style=\"font-family: Lato, sans-serif; color: #003366;\">Els Licors de Fruites Teichenn\u00e9 s\u00f3n perfectes per crear c\u00f2ctels cl\u00e0ssics o moderns. La gamma combina les millors fruites mediterr\u00e0nies per oferir una extracci\u00f3 de sabors veritablement \u00fanica amb una extraordin\u00e0ria mesclabilitat.<\/span><\/p>\n<p style=\"background: white;\"><span style=\"font-family: Lato, sans-serif; color: #003366;\">El nostre sabor a vainilla \u00e9s intens, fi i delicat que ens evoca a la frag\u00e0ncia de les baines de vainilla (Vanilla planifolia).<\/span><\/p>\n","protected":false},"featured_media":20555,"comment_status":"open","ping_status":"closed","template":"","meta":{"_acf_changed":false},"product_brand":[],"product_cat":[127],"product_tag":[],"class_list":{"0":"post-13013","1":"product","2":"type-product","3":"status-publish","4":"has-post-thumbnail","6":"product_cat-licores-ultrapremium-ca","8":"first","9":"instock","10":"taxable","11":"shipping-taxable","12":"purchasable","13":"product-type-simple"},"acf":[],"_links":{"self":[{"href":"https:\/\/teichenne.com\/ca\/wp-json\/wp\/v2\/product\/13013","targetHints":{"allow":["GET"]}}],"collection":[{"href":"https:\/\/teichenne.com\/ca\/wp-json\/wp\/v2\/product"}],"about":[{"href":"https:\/\/teichenne.com\/ca\/wp-json\/wp\/v2\/types\/product"}],"replies":[{"embeddable":true,"href":"https:\/\/teichenne.com\/ca\/wp-json\/wp\/v2\/comments?post=13013"}],"version-history":[{"count":5,"href":"https:\/\/teichenne.com\/ca\/wp-json\/wp\/v2\/product\/13013\/revisions"}],"predecessor-version":[{"id":21342,"href":"https:\/\/teichenne.com\/ca\/wp-json\/wp\/v2\/product\/13013\/revisions\/21342"}],"wp:featuredmedia":[{"embeddable":true,"href":"https:\/\/teichenne.com\/ca\/wp-json\/wp\/v2\/media\/20555"}],"wp:attachment":[{"href":"https:\/\/teichenne.com\/ca\/wp-json\/wp\/v2\/media?parent=13013"}],"wp:term":[{"taxonomy":"product_brand","embeddable":true,"href":"https:\/\/teichenne.com\/ca\/wp-json\/wp\/v2\/product_brand?post=13013"},{"taxonomy":"product_cat","embeddable":true,"href":"https:\/\/teichenne.com\/ca\/wp-json\/wp\/v2\/product_cat?post=13013"},{"taxonomy":"product_tag","embeddable":true,"href":"https:\/\/teichenne.com\/ca\/wp-json\/wp\/v2\/product_tag?post=13013"}],"curies":[{"name":"wp","href":"https:\/\/api.w.org\/{rel}","templated":true}]}}