{"id":13027,"date":"2021-04-14T15:34:16","date_gmt":"2021-04-14T15:34:16","guid":{"rendered":"https:\/\/teichenne.com\/shop\/Sense%20categoria\/licor-de-fresa-17-vol\/"},"modified":"2025-03-28T15:11:02","modified_gmt":"2025-03-28T13:11:02","slug":"licor-de-maduixa","status":"publish","type":"product","link":"https:\/\/teichenne.com\/ca\/producto\/licor-de-maduixa\/","title":{"rendered":"Licor de Maduixa"},"content":{"rendered":"<p style=\"background: white; margin: 8.25pt 0cm 8.25pt 0cm;\"><span style=\"color: #003366;\"><strong><span style=\"font-family: Lato, sans-serif;\">Aspecte:<\/span><\/strong><span style=\"font-family: Lato, sans-serif;\"> Transparent, brillant y cristal\u00b7l\u00ed.<\/span><\/span><\/p>\n<p style=\"background: white; margin: 8.25pt 0cm 8.25pt 0cm;\"><span style=\"color: #003366;\"><strong><span style=\"font-family: Lato, sans-serif;\">Aroma: <\/span><\/strong><span style=\"font-family: Lato, sans-serif;\">En\u00a0nas apreciem\u00a0\u00a0l\u2019aroma intens i madur de la maduixa combinat amb subtils notes l\u00e0ctiques.<\/span><\/span><\/p>\n<p style=\"background: white; margin: 8.25pt 0cm 8.25pt 0cm;\"><span style=\"color: #003366;\"><span style=\"font-family: Lato, sans-serif;\"><strong>Sabor i textura<\/strong>: Subtil i sed\u00f3s en boca. Rod\u00f3 i equilibrat, confereix bona estructura i persist\u00e8ncia al paladar. Untu\u00f3s i fresc en boca<\/span><span style=\"font-family: Lato, sans-serif;\">.<\/span><\/span><\/p>\n","protected":false},"excerpt":{"rendered":"<p style=\"background: white;\"><span style=\"font-family: Lato, sans-serif; color: #003366;\">Els Licors de Fruites Teichenn\u00e9 s\u00f3n perfectes per crear c\u00f2ctels cl\u00e0ssics o moderns. La gamma combina les millors fruites mediterr\u00e0nies per oferir una extracci\u00f3 de sabors veritablement \u00fanica amb una extraordin\u00e0ria mesclabilitat.<\/span><\/p>\n<p style=\"background: white;\"><span style=\"font-family: Lato, sans-serif; color: #003366;\">El nostre sabor a maduixa \u00e9s untu\u00f3s i fresc en boca, amb una aroma intensa i madur de la maduixa combinat amb subtils notes l\u00e0ctiques.<\/span><\/p>\n","protected":false},"featured_media":20531,"comment_status":"open","ping_status":"closed","template":"","meta":{"_acf_changed":false},"product_brand":[],"product_cat":[127],"product_tag":[],"class_list":{"0":"post-13027","1":"product","2":"type-product","3":"status-publish","4":"has-post-thumbnail","6":"product_cat-licores-ultrapremium-ca","8":"first","9":"instock","10":"taxable","11":"shipping-taxable","12":"purchasable","13":"product-type-simple"},"acf":[],"_links":{"self":[{"href":"https:\/\/teichenne.com\/ca\/wp-json\/wp\/v2\/product\/13027","targetHints":{"allow":["GET"]}}],"collection":[{"href":"https:\/\/teichenne.com\/ca\/wp-json\/wp\/v2\/product"}],"about":[{"href":"https:\/\/teichenne.com\/ca\/wp-json\/wp\/v2\/types\/product"}],"replies":[{"embeddable":true,"href":"https:\/\/teichenne.com\/ca\/wp-json\/wp\/v2\/comments?post=13027"}],"version-history":[{"count":4,"href":"https:\/\/teichenne.com\/ca\/wp-json\/wp\/v2\/product\/13027\/revisions"}],"predecessor-version":[{"id":21345,"href":"https:\/\/teichenne.com\/ca\/wp-json\/wp\/v2\/product\/13027\/revisions\/21345"}],"wp:featuredmedia":[{"embeddable":true,"href":"https:\/\/teichenne.com\/ca\/wp-json\/wp\/v2\/media\/20531"}],"wp:attachment":[{"href":"https:\/\/teichenne.com\/ca\/wp-json\/wp\/v2\/media?parent=13027"}],"wp:term":[{"taxonomy":"product_brand","embeddable":true,"href":"https:\/\/teichenne.com\/ca\/wp-json\/wp\/v2\/product_brand?post=13027"},{"taxonomy":"product_cat","embeddable":true,"href":"https:\/\/teichenne.com\/ca\/wp-json\/wp\/v2\/product_cat?post=13027"},{"taxonomy":"product_tag","embeddable":true,"href":"https:\/\/teichenne.com\/ca\/wp-json\/wp\/v2\/product_tag?post=13027"}],"curies":[{"name":"wp","href":"https:\/\/api.w.org\/{rel}","templated":true}]}}