{"id":13095,"date":"2021-04-14T14:46:34","date_gmt":"2021-04-14T14:46:34","guid":{"rendered":"https:\/\/teichenne.com\/shop\/Sense%20categoria\/licor-de-melocoton-17-vol\/"},"modified":"2025-07-03T18:23:50","modified_gmt":"2025-07-03T16:23:50","slug":"licor-de-pressec","status":"publish","type":"product","link":"https:\/\/teichenne.com\/ca\/producto\/licor-de-pressec\/","title":{"rendered":"Licor de Pr\u00e8ssec"},"content":{"rendered":"<p style=\"background: white; margin: 8.25pt 0cm 8.25pt 0cm;\"><span style=\"color: #003366;\"><strong><span style=\"font-family: Lato, sans-serif;\">Aspecte:<\/span><\/strong><span style=\"font-family: Lato, sans-serif;\">\u00a0Transparent, brillant i cristal\u00b7l\u00ed.<\/span><\/span><\/p>\n<p style=\"background: white; margin: 8.25pt 0cm 8.25pt 0cm;\"><span style=\"color: #003366;\"><strong><span style=\"font-family: Lato, sans-serif;\">Aroma:<\/span><\/strong><span style=\"font-family: Lato, sans-serif;\">\u00a0Aroma intens i delicat, persistent en el temps, ens evoca a subtils notes madures a pr\u00e9ssec de vinya.<\/span><\/span><\/p>\n<p style=\"background: white; margin: 8.25pt 0cm 8.25pt 0cm;\"><span style=\"color: #003366;\"><strong><span style=\"font-family: Lato, sans-serif;\">Sabor i textura:<\/span><\/strong><span style=\"font-family: Lato, sans-serif;\">\u00a0Agradable, sed\u00f3s i fresc en boca. Rod\u00f3 i equilibrat, confereix bona\u00a0estructura, untuositat i persist\u00e8ncia\u00a0al paladar. Servir molt fred.<\/span><\/span><\/p>\n","protected":false},"excerpt":{"rendered":"<p style=\"background: white;\"><span style=\"font-family: Lato, sans-serif; color: #003366;\">Els Licors de Fruites Teichenn\u00e9 s\u00f3n perfectes per crear c\u00f2ctels cl\u00e0ssics o moderns. La gamma combina les millors fruites mediterr\u00e0nies per oferir una extracci\u00f3 de sabors veritablement \u00fanica amb una extraordin\u00e0ria mesclabilitat.<\/span><\/p>\n<p style=\"background: white;\"><span style=\"font-family: Lato, sans-serif; color: #003366;\">El nostre sabor a pr\u00e9ssec \u00e9s agradable, sed\u00f3s i fresc en boca, ens evoca a subtils notes madures a pr\u00e9ssec de vinya.<\/span><\/p>\n","protected":false},"featured_media":20568,"comment_status":"open","ping_status":"closed","template":"","meta":{"_acf_changed":false},"product_brand":[],"product_cat":[127],"product_tag":[],"class_list":{"0":"post-13095","1":"product","2":"type-product","3":"status-publish","4":"has-post-thumbnail","6":"product_cat-licores-ultrapremium-ca","8":"first","9":"instock","10":"taxable","11":"shipping-taxable","12":"purchasable","13":"product-type-simple"},"acf":[],"_links":{"self":[{"href":"https:\/\/teichenne.com\/ca\/wp-json\/wp\/v2\/product\/13095","targetHints":{"allow":["GET"]}}],"collection":[{"href":"https:\/\/teichenne.com\/ca\/wp-json\/wp\/v2\/product"}],"about":[{"href":"https:\/\/teichenne.com\/ca\/wp-json\/wp\/v2\/types\/product"}],"replies":[{"embeddable":true,"href":"https:\/\/teichenne.com\/ca\/wp-json\/wp\/v2\/comments?post=13095"}],"version-history":[{"count":4,"href":"https:\/\/teichenne.com\/ca\/wp-json\/wp\/v2\/product\/13095\/revisions"}],"predecessor-version":[{"id":21361,"href":"https:\/\/teichenne.com\/ca\/wp-json\/wp\/v2\/product\/13095\/revisions\/21361"}],"wp:featuredmedia":[{"embeddable":true,"href":"https:\/\/teichenne.com\/ca\/wp-json\/wp\/v2\/media\/20568"}],"wp:attachment":[{"href":"https:\/\/teichenne.com\/ca\/wp-json\/wp\/v2\/media?parent=13095"}],"wp:term":[{"taxonomy":"product_brand","embeddable":true,"href":"https:\/\/teichenne.com\/ca\/wp-json\/wp\/v2\/product_brand?post=13095"},{"taxonomy":"product_cat","embeddable":true,"href":"https:\/\/teichenne.com\/ca\/wp-json\/wp\/v2\/product_cat?post=13095"},{"taxonomy":"product_tag","embeddable":true,"href":"https:\/\/teichenne.com\/ca\/wp-json\/wp\/v2\/product_tag?post=13095"}],"curies":[{"name":"wp","href":"https:\/\/api.w.org\/{rel}","templated":true}]}}