{"id":16995,"date":"2022-05-06T11:08:13","date_gmt":"2022-05-06T11:08:14","guid":{"rendered":"https:\/\/teichenne.com\/?post_type=product&#038;p=16995"},"modified":"2026-02-10T14:25:06","modified_gmt":"2026-02-10T12:25:06","slug":"heretic","status":"publish","type":"product","link":"https:\/\/teichenne.com\/ca\/producto\/heretic\/","title":{"rendered":"Heretic"},"content":{"rendered":"\t\t<div data-elementor-type=\"wp-post\" data-elementor-id=\"16995\" class=\"elementor elementor-16995 elementor-16994\">\n\t\t\t\t\t\t<section class=\"elementor-section elementor-top-section elementor-element elementor-element-7d542033 elementor-section-boxed elementor-section-height-default elementor-section-height-default\" data-id=\"7d542033\" data-element_type=\"section\" data-settings=\"{&quot;jet_parallax_layout_list&quot;:[{&quot;jet_parallax_layout_image&quot;:{&quot;url&quot;:&quot;&quot;,&quot;id&quot;:&quot;&quot;,&quot;size&quot;:&quot;&quot;},&quot;_id&quot;:&quot;6345888&quot;,&quot;jet_parallax_layout_image_tablet&quot;:{&quot;url&quot;:&quot;&quot;,&quot;id&quot;:&quot;&quot;,&quot;size&quot;:&quot;&quot;},&quot;jet_parallax_layout_image_mobile&quot;:{&quot;url&quot;:&quot;&quot;,&quot;id&quot;:&quot;&quot;,&quot;size&quot;:&quot;&quot;},&quot;jet_parallax_layout_speed&quot;:{&quot;unit&quot;:&quot;%&quot;,&quot;size&quot;:50,&quot;sizes&quot;:[]},&quot;jet_parallax_layout_type&quot;:&quot;scroll&quot;,&quot;jet_parallax_layout_direction&quot;:&quot;1&quot;,&quot;jet_parallax_layout_fx_direction&quot;:null,&quot;jet_parallax_layout_z_index&quot;:&quot;&quot;,&quot;jet_parallax_layout_bg_x&quot;:50,&quot;jet_parallax_layout_bg_x_tablet&quot;:&quot;&quot;,&quot;jet_parallax_layout_bg_x_mobile&quot;:&quot;&quot;,&quot;jet_parallax_layout_bg_y&quot;:50,&quot;jet_parallax_layout_bg_y_tablet&quot;:&quot;&quot;,&quot;jet_parallax_layout_bg_y_mobile&quot;:&quot;&quot;,&quot;jet_parallax_layout_bg_size&quot;:&quot;auto&quot;,&quot;jet_parallax_layout_bg_size_tablet&quot;:&quot;&quot;,&quot;jet_parallax_layout_bg_size_mobile&quot;:&quot;&quot;,&quot;jet_parallax_layout_animation_prop&quot;:&quot;transform&quot;,&quot;jet_parallax_layout_on&quot;:[&quot;desktop&quot;,&quot;tablet&quot;]}]}\">\n\t\t\t\t\t\t<div class=\"elementor-container elementor-column-gap-default\">\n\t\t\t\t\t<div class=\"elementor-column elementor-col-100 elementor-top-column elementor-element elementor-element-349cb507\" data-id=\"349cb507\" data-element_type=\"column\">\n\t\t\t<div class=\"elementor-widget-wrap elementor-element-populated\">\n\t\t\t\t\t\t<div class=\"elementor-element elementor-element-6f74790a elementor-widget elementor-widget-text-editor\" data-id=\"6f74790a\" data-element_type=\"widget\" data-widget_type=\"text-editor.default\">\n\t\t\t\t<div class=\"elementor-widget-container\">\n\t\t\t\t\t\t\t\t\t<p><strong><span lang=\"ES\">Nota<\/span><span lang=\"ES\"> de cata<\/span><\/strong><\/p><p><strong>Aspecte:<\/strong> Color caoba fosc. Brillant i cristal\u00b7l\u00ed.<\/p><p><strong>Aroma:<\/strong> Al nas \u00e9s molt complex i molt ben estructurat. Heretic integra subtilment les aromes d&#8217;herbes, aromes de fruites c\u00edtriques, esp\u00e8cies i arrels. Tots ells combinen perfectament amb lleugers matisos anisats.<\/p><p><strong>Sabor i textura:<\/strong> Fi i delicat. Sed\u00f3s a la boca. Combina perfectament matisos dol\u00e7os i amargs. Serveixi&#8217;s molt fred (5\u00baC a 1\u00baC). Apte per combinar.<\/p><div>\u00a0<\/div>\t\t\t\t\t\t\t\t<\/div>\n\t\t\t\t<\/div>\n\t\t\t\t\t<\/div>\n\t\t<\/div>\n\t\t\t\t\t<\/div>\n\t\t<\/section>\n\t\t\t\t<\/div>\n\t\t","protected":false},"excerpt":{"rendered":"<p>Heretic \u00e9s un licor que neix als Pirineus a mitjans del segle XIX de la m\u00e0 de Jean Teichenn\u00e9, fet amb la destil\u00b7laci\u00f3 de les millors herbes i bot\u00e0nics de la zona. Godlike Spirit.<\/p>\n<p><strong>Triat millor licor d\u00b4herbes del m\u00f3n al 2021 per la ISWC.<\/strong><\/p>\n<p><strong>Medalla d\u2019Or al Frankfurt International Trophy 2022.<\/strong><\/p>\n<p><strong>Heretic<\/strong> cont\u00e9 36 tipus de bot\u00e0nics diferents entre herbes estomacals, flors, llavors, fruits i esp\u00e8cies. D&#8217;aquests bot\u00e0nics podem destacar el roman\u00ed, farigola, an\u00eds estrellat, la genciana i la pell de taronja.<\/p>\n<p style=\"text-align: center;\">\n","protected":false},"featured_media":21196,"comment_status":"open","ping_status":"closed","template":"","meta":{"_acf_changed":false},"product_brand":[],"product_cat":[217],"product_tag":[],"class_list":{"0":"post-16995","1":"product","2":"type-product","3":"status-publish","4":"has-post-thumbnail","6":"product_cat-heretic-herbs-liqueur-ca","8":"first","9":"instock","10":"sale","11":"featured","12":"taxable","13":"shipping-taxable","14":"purchasable","15":"product-type-simple"},"acf":[],"_links":{"self":[{"href":"https:\/\/teichenne.com\/ca\/wp-json\/wp\/v2\/product\/16995","targetHints":{"allow":["GET"]}}],"collection":[{"href":"https:\/\/teichenne.com\/ca\/wp-json\/wp\/v2\/product"}],"about":[{"href":"https:\/\/teichenne.com\/ca\/wp-json\/wp\/v2\/types\/product"}],"replies":[{"embeddable":true,"href":"https:\/\/teichenne.com\/ca\/wp-json\/wp\/v2\/comments?post=16995"}],"version-history":[{"count":20,"href":"https:\/\/teichenne.com\/ca\/wp-json\/wp\/v2\/product\/16995\/revisions"}],"predecessor-version":[{"id":18395,"href":"https:\/\/teichenne.com\/ca\/wp-json\/wp\/v2\/product\/16995\/revisions\/18395"}],"wp:featuredmedia":[{"embeddable":true,"href":"https:\/\/teichenne.com\/ca\/wp-json\/wp\/v2\/media\/21196"}],"wp:attachment":[{"href":"https:\/\/teichenne.com\/ca\/wp-json\/wp\/v2\/media?parent=16995"}],"wp:term":[{"taxonomy":"product_brand","embeddable":true,"href":"https:\/\/teichenne.com\/ca\/wp-json\/wp\/v2\/product_brand?post=16995"},{"taxonomy":"product_cat","embeddable":true,"href":"https:\/\/teichenne.com\/ca\/wp-json\/wp\/v2\/product_cat?post=16995"},{"taxonomy":"product_tag","embeddable":true,"href":"https:\/\/teichenne.com\/ca\/wp-json\/wp\/v2\/product_tag?post=16995"}],"curies":[{"name":"wp","href":"https:\/\/api.w.org\/{rel}","templated":true}]}}