{"id":17909,"date":"2022-07-20T15:46:43","date_gmt":"2022-07-20T13:47:31","guid":{"rendered":"https:\/\/teichenne.com\/?post_type=product&#038;p=17909"},"modified":"2025-10-03T20:29:49","modified_gmt":"2025-10-03T18:29:49","slug":"vermouth-mont-mar-vermelll","status":"publish","type":"product","link":"https:\/\/teichenne.com\/ca\/producto\/vermouth-mont-mar-vermelll\/","title":{"rendered":"Vermouth Mont-Mar Vermell"},"content":{"rendered":"\t\t<div data-elementor-type=\"wp-post\" data-elementor-id=\"17909\" class=\"elementor elementor-17909 elementor-17899\">\n\t\t\t\t\t\t<section class=\"elementor-section elementor-top-section elementor-element elementor-element-5ffa53a elementor-section-boxed elementor-section-height-default elementor-section-height-default\" data-id=\"5ffa53a\" data-element_type=\"section\" data-settings=\"{&quot;jet_parallax_layout_list&quot;:[]}\">\n\t\t\t\t\t\t<div class=\"elementor-container elementor-column-gap-default\">\n\t\t\t\t\t<div class=\"elementor-column elementor-col-100 elementor-top-column elementor-element elementor-element-48e6216\" data-id=\"48e6216\" data-element_type=\"column\">\n\t\t\t<div class=\"elementor-widget-wrap elementor-element-populated\">\n\t\t\t\t\t\t<div class=\"elementor-element elementor-element-f66c45e elementor-widget elementor-widget-text-editor\" data-id=\"f66c45e\" data-element_type=\"widget\" data-widget_type=\"text-editor.default\">\n\t\t\t\t<div class=\"elementor-widget-container\">\n\t\t\t\t\t\t\t\t\t<p><span style=\"color: #003366;\"><span style=\"font-weight: bolder;\"><span lang=\"ES\">Aspecte:<\/span><\/span><span lang=\"ES\"> Color vermell terra amb matisos de color teula, l\u00edmpid i brillant.<\/span><\/span><\/p><p><span lang=\"ES\" style=\"color: #003366;\"><span style=\"font-weight: bolder;\">Aroma: <\/span>Aroma intensa i fresca a orenga, mentes i caramel.<\/span><\/p><p><span lang=\"ES\" style=\"color: #003366;\"><span style=\"font-weight: bolder;\">Gust: <\/span>Franc i agradable a la boca realcen notes c\u00edtriques.<\/span><\/p>\t\t\t\t\t\t\t\t<\/div>\n\t\t\t\t<\/div>\n\t\t\t\t\t<\/div>\n\t\t<\/div>\n\t\t\t\t\t<\/div>\n\t\t<\/section>\n\t\t\t\t<\/div>\n\t\t","protected":false},"excerpt":{"rendered":"<p>Caramel, canyella, herbes arom\u00e0tiques totalment naturals i esp\u00e8cies seleccionades en una perfecta combinaci\u00f3 amb el donzell i una maceraci\u00f3 marcada i elegant en b\u00f3tes de roure.<\/p>\n","protected":false},"featured_media":18191,"comment_status":"open","ping_status":"closed","template":"","meta":{"_acf_changed":false},"product_brand":[],"product_cat":[229],"product_tag":[],"class_list":{"0":"post-17909","1":"product","2":"type-product","3":"status-publish","4":"has-post-thumbnail","6":"product_cat-vermouth","8":"first","9":"instock","10":"taxable","11":"shipping-taxable","12":"purchasable","13":"product-type-simple"},"acf":[],"_links":{"self":[{"href":"https:\/\/teichenne.com\/ca\/wp-json\/wp\/v2\/product\/17909","targetHints":{"allow":["GET"]}}],"collection":[{"href":"https:\/\/teichenne.com\/ca\/wp-json\/wp\/v2\/product"}],"about":[{"href":"https:\/\/teichenne.com\/ca\/wp-json\/wp\/v2\/types\/product"}],"replies":[{"embeddable":true,"href":"https:\/\/teichenne.com\/ca\/wp-json\/wp\/v2\/comments?post=17909"}],"version-history":[{"count":28,"href":"https:\/\/teichenne.com\/ca\/wp-json\/wp\/v2\/product\/17909\/revisions"}],"predecessor-version":[{"id":18740,"href":"https:\/\/teichenne.com\/ca\/wp-json\/wp\/v2\/product\/17909\/revisions\/18740"}],"wp:featuredmedia":[{"embeddable":true,"href":"https:\/\/teichenne.com\/ca\/wp-json\/wp\/v2\/media\/18191"}],"wp:attachment":[{"href":"https:\/\/teichenne.com\/ca\/wp-json\/wp\/v2\/media?parent=17909"}],"wp:term":[{"taxonomy":"product_brand","embeddable":true,"href":"https:\/\/teichenne.com\/ca\/wp-json\/wp\/v2\/product_brand?post=17909"},{"taxonomy":"product_cat","embeddable":true,"href":"https:\/\/teichenne.com\/ca\/wp-json\/wp\/v2\/product_cat?post=17909"},{"taxonomy":"product_tag","embeddable":true,"href":"https:\/\/teichenne.com\/ca\/wp-json\/wp\/v2\/product_tag?post=17909"}],"curies":[{"name":"wp","href":"https:\/\/api.w.org\/{rel}","templated":true}]}}