{"id":17942,"date":"2022-07-20T15:46:23","date_gmt":"2022-07-20T13:53:30","guid":{"rendered":"https:\/\/teichenne.com\/?post_type=product&#038;p=17942"},"modified":"2025-03-28T15:10:59","modified_gmt":"2025-03-28T13:10:59","slug":"vermouth-mont-mar-blanc","status":"publish","type":"product","link":"https:\/\/teichenne.com\/ca\/producto\/vermouth-mont-mar-blanc\/","title":{"rendered":"Vermouth Mont-Mar Blanc"},"content":{"rendered":"\t\t<div data-elementor-type=\"wp-post\" data-elementor-id=\"17942\" class=\"elementor elementor-17942 elementor-17932\">\n\t\t\t\t\t\t<section class=\"elementor-section elementor-top-section elementor-element elementor-element-fea4ed7 elementor-section-boxed elementor-section-height-default elementor-section-height-default\" data-id=\"fea4ed7\" data-element_type=\"section\" data-settings=\"{&quot;jet_parallax_layout_list&quot;:[]}\">\n\t\t\t\t\t\t<div class=\"elementor-container elementor-column-gap-default\">\n\t\t\t\t\t<div class=\"elementor-column elementor-col-100 elementor-top-column elementor-element elementor-element-1b45fe7\" data-id=\"1b45fe7\" data-element_type=\"column\">\n\t\t\t<div class=\"elementor-widget-wrap elementor-element-populated\">\n\t\t\t\t\t\t<div class=\"elementor-element elementor-element-ef2db87 elementor-widget elementor-widget-text-editor\" data-id=\"ef2db87\" data-element_type=\"widget\" data-widget_type=\"text-editor.default\">\n\t\t\t\t<div class=\"elementor-widget-container\">\n\t\t\t\t\t\t\t\t\t<p><span style=\"color: #003366;\"><span style=\"font-weight: bolder;\"><span lang=\"ES\">Aspecte:<\/span><\/span><span lang=\"ES\"> Color groc p\u00e0l\u00b7lid amb matisos verd maragda, l\u00edmpid i brillant.<\/span><\/span><\/p><p><span style=\"color: #003366;\"><span style=\"font-weight: bolder;\"><span lang=\"ES\">Aroma: <\/span><\/span>Aroma intensa i fresca, amb notes de safr\u00e0, menta i vainilla.<\/span><\/p><p><span style=\"color: #003366;\"><span style=\"font-weight: bolder;\"><span lang=\"ES\">Gust: <\/span><\/span>A la boca \u00e9s dol\u00e7, sed\u00f3s real\u00e7ant les sensacions olfactives, amb llarg final de boca i amb elegants tocs c\u00edtrics.<\/span><\/p>\t\t\t\t\t\t\t\t<\/div>\n\t\t\t\t<\/div>\n\t\t\t\t\t<\/div>\n\t\t<\/div>\n\t\t\t\t\t<\/div>\n\t\t<\/section>\n\t\t\t\t<\/div>\n\t\t","protected":false},"excerpt":{"rendered":"<p>Gingebre, clau, cardamom i vainilla, barrejats amb escorces de llimona i taronja, estructuren un vermut blanc en perfecta harmonia per prendre sol o per barrejar en c\u00f2ctels cl\u00e0ssics i moderns.<\/p>\n","protected":false},"featured_media":18188,"comment_status":"open","ping_status":"closed","template":"","meta":{"_acf_changed":false},"product_brand":[],"product_cat":[229],"product_tag":[],"class_list":{"0":"post-17942","1":"product","2":"type-product","3":"status-publish","4":"has-post-thumbnail","6":"product_cat-vermouth","8":"first","9":"instock","10":"taxable","11":"shipping-taxable","12":"purchasable","13":"product-type-simple"},"acf":[],"_links":{"self":[{"href":"https:\/\/teichenne.com\/ca\/wp-json\/wp\/v2\/product\/17942","targetHints":{"allow":["GET"]}}],"collection":[{"href":"https:\/\/teichenne.com\/ca\/wp-json\/wp\/v2\/product"}],"about":[{"href":"https:\/\/teichenne.com\/ca\/wp-json\/wp\/v2\/types\/product"}],"replies":[{"embeddable":true,"href":"https:\/\/teichenne.com\/ca\/wp-json\/wp\/v2\/comments?post=17942"}],"version-history":[{"count":18,"href":"https:\/\/teichenne.com\/ca\/wp-json\/wp\/v2\/product\/17942\/revisions"}],"predecessor-version":[{"id":18723,"href":"https:\/\/teichenne.com\/ca\/wp-json\/wp\/v2\/product\/17942\/revisions\/18723"}],"wp:featuredmedia":[{"embeddable":true,"href":"https:\/\/teichenne.com\/ca\/wp-json\/wp\/v2\/media\/18188"}],"wp:attachment":[{"href":"https:\/\/teichenne.com\/ca\/wp-json\/wp\/v2\/media?parent=17942"}],"wp:term":[{"taxonomy":"product_brand","embeddable":true,"href":"https:\/\/teichenne.com\/ca\/wp-json\/wp\/v2\/product_brand?post=17942"},{"taxonomy":"product_cat","embeddable":true,"href":"https:\/\/teichenne.com\/ca\/wp-json\/wp\/v2\/product_cat?post=17942"},{"taxonomy":"product_tag","embeddable":true,"href":"https:\/\/teichenne.com\/ca\/wp-json\/wp\/v2\/product_tag?post=17942"}],"curies":[{"name":"wp","href":"https:\/\/api.w.org\/{rel}","templated":true}]}}