{"id":18010,"date":"2022-07-21T10:53:27","date_gmt":"2022-07-21T08:53:27","guid":{"rendered":"https:\/\/teichenne.com\/shop\/Sense%20categoria\/vermouth-mont-mar-reserva\/"},"modified":"2025-03-28T15:10:58","modified_gmt":"2025-03-28T13:10:58","slug":"vermouth-mont-mar-reserva","status":"publish","type":"product","link":"https:\/\/teichenne.com\/ca\/producto\/vermouth-mont-mar-reserva\/","title":{"rendered":"Vermouth Mont-Mar Reserva"},"content":{"rendered":"\t\t<div data-elementor-type=\"wp-post\" data-elementor-id=\"18010\" class=\"elementor elementor-18010 elementor-17966\">\n\t\t\t\t\t\t<section class=\"elementor-section elementor-top-section elementor-element elementor-element-1b0a216 elementor-section-boxed elementor-section-height-default elementor-section-height-default\" data-id=\"1b0a216\" data-element_type=\"section\" data-settings=\"{&quot;jet_parallax_layout_list&quot;:[]}\">\n\t\t\t\t\t\t<div class=\"elementor-container elementor-column-gap-default\">\n\t\t\t\t\t<div class=\"elementor-column elementor-col-100 elementor-top-column elementor-element elementor-element-0a581d9\" data-id=\"0a581d9\" data-element_type=\"column\">\n\t\t\t<div class=\"elementor-widget-wrap elementor-element-populated\">\n\t\t\t\t\t\t<div class=\"elementor-element elementor-element-310ae51 elementor-widget elementor-widget-text-editor\" data-id=\"310ae51\" data-element_type=\"widget\" data-widget_type=\"text-editor.default\">\n\t\t\t\t<div class=\"elementor-widget-container\">\n\t\t\t\t\t\t\t\t\t<p><span style=\"color: #003366;\"><span style=\"font-weight: bolder;\"><span lang=\"ES\">Aspecte: <\/span><\/span><span lang=\"ES\">Color marr\u00f3 caoba amb reflexes ambarins, n\u00edtid i brillant.<\/span><\/span><\/p><p><span style=\"color: #003366;\"><span style=\"font-weight: bolder;\"><span lang=\"ES\">Aroma: <\/span><\/span>Notes marcades a fusta, torrats i esp\u00e8cies que s&#8217;integren perfectament amb la frescor de les herbes aromatitzants.<\/span><\/p><p><span style=\"color: #003366;\"><span style=\"font-weight: bolder;\"><span lang=\"ES\">Gust: <\/span><\/span>A la boca \u00e9s dol\u00e7 i untu\u00f3s. Amb cos i car\u00e0cter, despr\u00e8n notes de regal\u00e8ssia, esp\u00e8cies i tocs c\u00edtrics.<\/span><\/p>\t\t\t\t\t\t\t\t<\/div>\n\t\t\t\t<\/div>\n\t\t\t\t\t<\/div>\n\t\t<\/div>\n\t\t\t\t\t<\/div>\n\t\t<\/section>\n\t\t\t\t<\/div>\n\t\t","protected":false},"excerpt":{"rendered":"<p>Embotellat despr\u00e9s d&#8217;un llarg proc\u00e9s de maceraci\u00f3, neix de la combinaci\u00f3 d&#8217;herbes arom\u00e0tiques, majorit\u00e0riament d&#8217;origen alp\u00ed, amb els vins blancs coneguts de la zona del Pened\u00e8s.<\/p>\n<p>Reposat durant llargs mesos, es produir\u00e0 cessi\u00f3 d&#8217;aromes torrades i de fruita seca, de notes especiades i bals\u00e0miques. A m\u00e9s, la seva dol\u00e7a amargor es tornar\u00e0 sedosa i delicada.<\/p>\n","protected":false},"featured_media":18060,"comment_status":"open","ping_status":"closed","template":"","meta":{"_acf_changed":false},"product_brand":[],"product_cat":[229],"product_tag":[],"class_list":{"0":"post-18010","1":"product","2":"type-product","3":"status-publish","4":"has-post-thumbnail","6":"product_cat-vermouth","8":"first","9":"outofstock","10":"taxable","11":"shipping-taxable","12":"purchasable","13":"product-type-simple"},"acf":[],"_links":{"self":[{"href":"https:\/\/teichenne.com\/ca\/wp-json\/wp\/v2\/product\/18010","targetHints":{"allow":["GET"]}}],"collection":[{"href":"https:\/\/teichenne.com\/ca\/wp-json\/wp\/v2\/product"}],"about":[{"href":"https:\/\/teichenne.com\/ca\/wp-json\/wp\/v2\/types\/product"}],"replies":[{"embeddable":true,"href":"https:\/\/teichenne.com\/ca\/wp-json\/wp\/v2\/comments?post=18010"}],"version-history":[{"count":14,"href":"https:\/\/teichenne.com\/ca\/wp-json\/wp\/v2\/product\/18010\/revisions"}],"predecessor-version":[{"id":18754,"href":"https:\/\/teichenne.com\/ca\/wp-json\/wp\/v2\/product\/18010\/revisions\/18754"}],"wp:featuredmedia":[{"embeddable":true,"href":"https:\/\/teichenne.com\/ca\/wp-json\/wp\/v2\/media\/18060"}],"wp:attachment":[{"href":"https:\/\/teichenne.com\/ca\/wp-json\/wp\/v2\/media?parent=18010"}],"wp:term":[{"taxonomy":"product_brand","embeddable":true,"href":"https:\/\/teichenne.com\/ca\/wp-json\/wp\/v2\/product_brand?post=18010"},{"taxonomy":"product_cat","embeddable":true,"href":"https:\/\/teichenne.com\/ca\/wp-json\/wp\/v2\/product_cat?post=18010"},{"taxonomy":"product_tag","embeddable":true,"href":"https:\/\/teichenne.com\/ca\/wp-json\/wp\/v2\/product_tag?post=18010"}],"curies":[{"name":"wp","href":"https:\/\/api.w.org\/{rel}","templated":true}]}}