{"id":18857,"date":"2022-10-05T12:16:05","date_gmt":"2022-10-05T10:16:05","guid":{"rendered":"https:\/\/teichenne.com\/?post_type=product&#038;p=18857"},"modified":"2025-03-28T15:10:58","modified_gmt":"2025-03-28T13:10:58","slug":"gin-larbre-copia","status":"publish","type":"product","link":"https:\/\/teichenne.com\/ca\/producto\/gin-larbre-copia\/","title":{"rendered":"Gin L&#8217;Arbre + 1 got highball"},"content":{"rendered":"<p style=\"background: white; margin: 8.25pt 0cm 8.25pt 0cm;\"><span style=\"color: #003366;\"><strong><span lang=\"ES\" style=\"font-family: Lato, sans-serif;\">Aspecte:<\/span><\/strong><span lang=\"ES\" style=\"font-family: Lato, sans-serif;\">\u00a0L\u00edquid incolor, brillant i transparent.<\/span><\/span><\/p>\n<p style=\"background: white; margin: 8.25pt 0cm 8.25pt 0cm;\"><span style=\"color: #003366;\"><strong><span lang=\"ES\" style=\"font-family: Lato, sans-serif;\">Aroma:<\/span><\/strong><span lang=\"ES\" style=\"font-family: Lato, sans-serif;\">\u00a0Aroma fi i delicat.\u00a0En nas destaquen delicades frag\u00e0ncies que ens evoquen a les plantes arom\u00e0tiques mediterr\u00e0nies com ara la farigola, roman\u00ed, alf\u00e0brega, esp\u00edgol entre d\u2019altres. Aquestes frag\u00e0ncies s\u2019integren perfectament amb subtils notes c\u00edtriques i amb el ginebr\u00f3 destil\u00b7lat.<\/span><\/span><\/p>\n<p style=\"background: white; margin: 8.25pt 0cm 8.25pt 0cm;\"><span style=\"color: #003366;\"><strong><span lang=\"ES\" style=\"font-family: Lato, sans-serif;\">Sabor i textura:<\/span><\/strong><span lang=\"ES\" style=\"font-family: Lato, sans-serif;\">\u00a0Sabor elegant i subtil. Suau i sedosa en boca.<\/span><\/span><\/p>\n","protected":false},"excerpt":{"rendered":"<p>Gin L&#8217;Arbre \u00e9s una London Dry Gin elaborada amb bot\u00e0nics mediterranis. Els principals bot\u00e0nics s\u00f3n el ginebr\u00f3, coriandre, llimona, roman\u00ed, arrel d&#8217;ang\u00e8lica, cardamom, farigola, alf\u00e0brega i esp\u00edgol.<\/p>\n<p>Els bot\u00e0nics s&#8217;han seleccionat de la zona mediterr\u00e0nia del Pened\u00e8s i els hem mesclat fins a trobar la f\u00f3rmula perfecta per a una ginebra \u00fanica per a gaudir de moments \u00fanics.<\/p>\n","protected":false},"featured_media":18916,"comment_status":"open","ping_status":"closed","template":"","meta":{"_acf_changed":false},"product_brand":[],"product_cat":[235],"product_tag":[],"class_list":{"0":"post-18857","1":"product","2":"type-product","3":"status-publish","4":"has-post-thumbnail","6":"product_cat-gin-premium-larbre-ca","8":"first","9":"outofstock","10":"taxable","11":"shipping-taxable","12":"purchasable","13":"product-type-simple"},"acf":[],"_links":{"self":[{"href":"https:\/\/teichenne.com\/ca\/wp-json\/wp\/v2\/product\/18857","targetHints":{"allow":["GET"]}}],"collection":[{"href":"https:\/\/teichenne.com\/ca\/wp-json\/wp\/v2\/product"}],"about":[{"href":"https:\/\/teichenne.com\/ca\/wp-json\/wp\/v2\/types\/product"}],"replies":[{"embeddable":true,"href":"https:\/\/teichenne.com\/ca\/wp-json\/wp\/v2\/comments?post=18857"}],"version-history":[{"count":5,"href":"https:\/\/teichenne.com\/ca\/wp-json\/wp\/v2\/product\/18857\/revisions"}],"predecessor-version":[{"id":19372,"href":"https:\/\/teichenne.com\/ca\/wp-json\/wp\/v2\/product\/18857\/revisions\/19372"}],"wp:featuredmedia":[{"embeddable":true,"href":"https:\/\/teichenne.com\/ca\/wp-json\/wp\/v2\/media\/18916"}],"wp:attachment":[{"href":"https:\/\/teichenne.com\/ca\/wp-json\/wp\/v2\/media?parent=18857"}],"wp:term":[{"taxonomy":"product_brand","embeddable":true,"href":"https:\/\/teichenne.com\/ca\/wp-json\/wp\/v2\/product_brand?post=18857"},{"taxonomy":"product_cat","embeddable":true,"href":"https:\/\/teichenne.com\/ca\/wp-json\/wp\/v2\/product_cat?post=18857"},{"taxonomy":"product_tag","embeddable":true,"href":"https:\/\/teichenne.com\/ca\/wp-json\/wp\/v2\/product_tag?post=18857"}],"curies":[{"name":"wp","href":"https:\/\/api.w.org\/{rel}","templated":true}]}}