{"id":18870,"date":"2022-10-05T13:31:14","date_gmt":"2022-10-05T11:31:15","guid":{"rendered":"https:\/\/teichenne.com\/?post_type=product&#038;p=18870"},"modified":"2025-05-03T20:08:12","modified_gmt":"2025-05-03T18:08:12","slug":"kinross-gin-berry-copia","status":"publish","type":"product","link":"https:\/\/teichenne.com\/ca\/producto\/kinross-gin-berry-copia\/","title":{"rendered":"Kinross Gin Berry + 2 gots highball"},"content":{"rendered":"<p style=\"background: white; margin: 8.25pt 0cm 8.25pt 0cm;\"><span lang=\"ES\" style=\"font-family: Lato, sans-serif; color: #003366;\">Ginebra molt arom\u00e0tica en la qual predomina l\u2019aroma de fruits vermells o fruits del bosc (gerd).<\/span><\/p>\n<p style=\"background: white; margin: 8.25pt 0cm 8.25pt 0cm;\"><span lang=\"ES\" style=\"font-family: Lato, sans-serif; color: #003366;\">Combina perfectament amb el ginebr\u00f3. Elegant i intensa al paladar, real\u00e7a les caracter\u00edstiques essencials d\u2019una bona ginebra que es pot prendre sola o barrejada en combinats.<\/span><\/p>\n","protected":false},"excerpt":{"rendered":"<p>La Kinross Gin Berry \u00e9s una ginebra triple destil\u00b7lada, 40% Vol. Obtinguda a partir d\u2019alcohol rectificat de cereals que macera i destil\u00b7la el ginebr\u00f3 combinat amb diferents bot\u00e0nics, principalment la llimona, el cardamom i el gerd.<\/p>\n","protected":false},"featured_media":18952,"comment_status":"open","ping_status":"closed","template":"","meta":{"_acf_changed":false},"product_brand":[],"product_cat":[106],"product_tag":[],"class_list":{"0":"post-18870","1":"product","2":"type-product","3":"status-publish","4":"has-post-thumbnail","6":"product_cat-ginebres-especials-ca","8":"first","9":"outofstock","10":"taxable","11":"shipping-taxable","12":"purchasable","13":"product-type-simple"},"acf":[],"_links":{"self":[{"href":"https:\/\/teichenne.com\/ca\/wp-json\/wp\/v2\/product\/18870","targetHints":{"allow":["GET"]}}],"collection":[{"href":"https:\/\/teichenne.com\/ca\/wp-json\/wp\/v2\/product"}],"about":[{"href":"https:\/\/teichenne.com\/ca\/wp-json\/wp\/v2\/types\/product"}],"replies":[{"embeddable":true,"href":"https:\/\/teichenne.com\/ca\/wp-json\/wp\/v2\/comments?post=18870"}],"version-history":[{"count":3,"href":"https:\/\/teichenne.com\/ca\/wp-json\/wp\/v2\/product\/18870\/revisions"}],"predecessor-version":[{"id":19381,"href":"https:\/\/teichenne.com\/ca\/wp-json\/wp\/v2\/product\/18870\/revisions\/19381"}],"wp:featuredmedia":[{"embeddable":true,"href":"https:\/\/teichenne.com\/ca\/wp-json\/wp\/v2\/media\/18952"}],"wp:attachment":[{"href":"https:\/\/teichenne.com\/ca\/wp-json\/wp\/v2\/media?parent=18870"}],"wp:term":[{"taxonomy":"product_brand","embeddable":true,"href":"https:\/\/teichenne.com\/ca\/wp-json\/wp\/v2\/product_brand?post=18870"},{"taxonomy":"product_cat","embeddable":true,"href":"https:\/\/teichenne.com\/ca\/wp-json\/wp\/v2\/product_cat?post=18870"},{"taxonomy":"product_tag","embeddable":true,"href":"https:\/\/teichenne.com\/ca\/wp-json\/wp\/v2\/product_tag?post=18870"}],"curies":[{"name":"wp","href":"https:\/\/api.w.org\/{rel}","templated":true}]}}