{"id":18878,"date":"2022-10-05T13:41:21","date_gmt":"2022-10-05T11:41:21","guid":{"rendered":"https:\/\/teichenne.com\/?post_type=product&#038;p=18878"},"modified":"2025-03-28T15:10:58","modified_gmt":"2025-03-28T13:10:58","slug":"kinross-gin-berry-2-gots-highball","status":"publish","type":"product","link":"https:\/\/teichenne.com\/ca\/producto\/kinross-gin-berry-2-gots-highball\/","title":{"rendered":"Kinross Gin Berry + 2 gots highball"},"content":{"rendered":"<p style=\"background: white; margin: 8.25pt 0cm 8.25pt 0cm;\"><span lang=\"ES\" style=\"font-family: Lato, sans-serif; color: #003366;\">Ginebra molt arom\u00e0tica en la qual predomina l\u2019aroma de fruits vermells o fruits del bosc (gerd).<\/span><\/p>\n<p style=\"background: white; margin: 8.25pt 0cm 8.25pt 0cm;\"><span lang=\"ES\" style=\"font-family: Lato, sans-serif; color: #003366;\">Combina perfectament amb el ginebr\u00f3. Elegant i intensa al paladar, real\u00e7a les caracter\u00edstiques essencials d\u2019una bona ginebra que es pot prendre sola o barrejada en combinats.<\/span><\/p>\n","protected":false},"excerpt":{"rendered":"<p>La Kinross Gin Berry \u00e9s una ginebra triple destil\u00b7lada, 40% Vol. Obtinguda a partir d\u2019alcohol rectificat de cereals que macera i destil\u00b7la el ginebr\u00f3 combinat amb diferents bot\u00e0nics, principalment la llimona, el cardamom i el gerd.<\/p>\n","protected":false},"featured_media":18964,"comment_status":"open","ping_status":"closed","template":"","meta":{"_acf_changed":false},"product_brand":[],"product_cat":[106],"product_tag":[],"class_list":{"0":"post-18878","1":"product","2":"type-product","3":"status-publish","4":"has-post-thumbnail","6":"product_cat-ginebres-especials-ca","8":"first","9":"outofstock","10":"sale","11":"taxable","12":"shipping-taxable","13":"purchasable","14":"product-type-simple"},"acf":[],"_links":{"self":[{"href":"https:\/\/teichenne.com\/ca\/wp-json\/wp\/v2\/product\/18878","targetHints":{"allow":["GET"]}}],"collection":[{"href":"https:\/\/teichenne.com\/ca\/wp-json\/wp\/v2\/product"}],"about":[{"href":"https:\/\/teichenne.com\/ca\/wp-json\/wp\/v2\/types\/product"}],"replies":[{"embeddable":true,"href":"https:\/\/teichenne.com\/ca\/wp-json\/wp\/v2\/comments?post=18878"}],"version-history":[{"count":3,"href":"https:\/\/teichenne.com\/ca\/wp-json\/wp\/v2\/product\/18878\/revisions"}],"predecessor-version":[{"id":19384,"href":"https:\/\/teichenne.com\/ca\/wp-json\/wp\/v2\/product\/18878\/revisions\/19384"}],"wp:featuredmedia":[{"embeddable":true,"href":"https:\/\/teichenne.com\/ca\/wp-json\/wp\/v2\/media\/18964"}],"wp:attachment":[{"href":"https:\/\/teichenne.com\/ca\/wp-json\/wp\/v2\/media?parent=18878"}],"wp:term":[{"taxonomy":"product_brand","embeddable":true,"href":"https:\/\/teichenne.com\/ca\/wp-json\/wp\/v2\/product_brand?post=18878"},{"taxonomy":"product_cat","embeddable":true,"href":"https:\/\/teichenne.com\/ca\/wp-json\/wp\/v2\/product_cat?post=18878"},{"taxonomy":"product_tag","embeddable":true,"href":"https:\/\/teichenne.com\/ca\/wp-json\/wp\/v2\/product_tag?post=18878"}],"curies":[{"name":"wp","href":"https:\/\/api.w.org\/{rel}","templated":true}]}}