{"id":20285,"date":"2024-01-03T14:28:45","date_gmt":"2024-01-03T12:28:45","guid":{"rendered":"https:\/\/teichenne.com\/shop\/sense%20categoria\/kilda-fresa\/"},"modified":"2025-03-28T15:10:58","modified_gmt":"2025-03-28T13:10:58","slug":"kilda-fresa-cat","status":"publish","type":"product","link":"https:\/\/teichenne.com\/ca\/producto\/kilda-fresa-cat\/","title":{"rendered":"Kilda Fresa"},"content":{"rendered":"<p>Kilda Fresa est\u00e0 elaborada amb aut\u00e8ntic tequila mexic\u00e0. Elegant, sofisticada i moderna. Beguda cremosa amb base l\u00e0ctica. Servir ben fred. Cont\u00e9 llet.<br \/>\n\u00a1ES\u00a0<strong>HORA<\/strong>\u00a0D\u2019EXPRESS[<strong>ART]E<\/strong>!<\/p>\n","protected":false},"excerpt":{"rendered":"<p>Kilda Fresa est\u00e0 elaborada amb aut\u00e8ntic tequila mexic\u00e0. Elegant, sofisticada i moderna. Beguda cremosa amb base l\u00e0ctica. Servir ben fred. Cont\u00e9 llet.<br \/>\n\u00a1ES\u00a0<strong>HORA<\/strong>\u00a0D\u2019EXPRESS[<strong>ART]E<\/strong>!<\/p>\n","protected":false},"featured_media":20247,"comment_status":"open","ping_status":"closed","template":"","meta":{"_acf_changed":false},"product_brand":[],"product_cat":[125],"product_tag":[],"class_list":{"0":"post-20285","1":"product","2":"type-product","3":"status-publish","4":"has-post-thumbnail","6":"product_cat-tequila-ca","8":"first","9":"instock","10":"sale","11":"featured","12":"taxable","13":"shipping-taxable","14":"purchasable","15":"product-type-simple"},"acf":[],"_links":{"self":[{"href":"https:\/\/teichenne.com\/ca\/wp-json\/wp\/v2\/product\/20285","targetHints":{"allow":["GET"]}}],"collection":[{"href":"https:\/\/teichenne.com\/ca\/wp-json\/wp\/v2\/product"}],"about":[{"href":"https:\/\/teichenne.com\/ca\/wp-json\/wp\/v2\/types\/product"}],"replies":[{"embeddable":true,"href":"https:\/\/teichenne.com\/ca\/wp-json\/wp\/v2\/comments?post=20285"}],"version-history":[{"count":2,"href":"https:\/\/teichenne.com\/ca\/wp-json\/wp\/v2\/product\/20285\/revisions"}],"predecessor-version":[{"id":20314,"href":"https:\/\/teichenne.com\/ca\/wp-json\/wp\/v2\/product\/20285\/revisions\/20314"}],"wp:featuredmedia":[{"embeddable":true,"href":"https:\/\/teichenne.com\/ca\/wp-json\/wp\/v2\/media\/20247"}],"wp:attachment":[{"href":"https:\/\/teichenne.com\/ca\/wp-json\/wp\/v2\/media?parent=20285"}],"wp:term":[{"taxonomy":"product_brand","embeddable":true,"href":"https:\/\/teichenne.com\/ca\/wp-json\/wp\/v2\/product_brand?post=20285"},{"taxonomy":"product_cat","embeddable":true,"href":"https:\/\/teichenne.com\/ca\/wp-json\/wp\/v2\/product_cat?post=20285"},{"taxonomy":"product_tag","embeddable":true,"href":"https:\/\/teichenne.com\/ca\/wp-json\/wp\/v2\/product_tag?post=20285"}],"curies":[{"name":"wp","href":"https:\/\/api.w.org\/{rel}","templated":true}]}}