{"id":20290,"date":"2024-01-03T14:47:42","date_gmt":"2024-01-03T12:47:42","guid":{"rendered":"https:\/\/teichenne.com\/shop\/sense%20categoria\/kilda-limon\/"},"modified":"2025-03-28T15:10:57","modified_gmt":"2025-03-28T13:10:57","slug":"kilda-limon-cat","status":"publish","type":"product","link":"https:\/\/teichenne.com\/ca\/producto\/kilda-limon-cat\/","title":{"rendered":"Kilda Lim\u00f3n"},"content":{"rendered":"<p>Kilda Lim\u00f3n est\u00e0 elaborada amb aut\u00e8ntic tequila mexic\u00e0 combinada amb notes fresques de la llimona. Elegant, sofisticada i moderna. Beguda cremosa amb base l\u00e0ctica. Servir ben fred. Cont\u00e9 llet.<br \/>\n\u00a1ES\u00a0<strong>HORA<\/strong>\u00a0DE EXPRES<strong>ARTE<\/strong>!<\/p>\n","protected":false},"excerpt":{"rendered":"<p>Kilda Lim\u00f3n est\u00e0 elaborada amb aut\u00e8ntic tequila mexic\u00e0 combinada amb notes fresques de la llimona. Elegant, sofisticada i moderna. Beguda cremosa amb base l\u00e0ctica. Servir ben fred. Cont\u00e9 llet.<br \/>\n\u00a1ES\u00a0<strong>HORA<\/strong>\u00a0DE EXPRES<strong>ARTE<\/strong>!<\/p>\n","protected":false},"featured_media":20254,"comment_status":"open","ping_status":"closed","template":"","meta":{"_acf_changed":false},"product_brand":[],"product_cat":[125],"product_tag":[],"class_list":{"0":"post-20290","1":"product","2":"type-product","3":"status-publish","4":"has-post-thumbnail","6":"product_cat-tequila-ca","8":"first","9":"instock","10":"taxable","11":"shipping-taxable","12":"purchasable","13":"product-type-simple"},"acf":[],"_links":{"self":[{"href":"https:\/\/teichenne.com\/ca\/wp-json\/wp\/v2\/product\/20290","targetHints":{"allow":["GET"]}}],"collection":[{"href":"https:\/\/teichenne.com\/ca\/wp-json\/wp\/v2\/product"}],"about":[{"href":"https:\/\/teichenne.com\/ca\/wp-json\/wp\/v2\/types\/product"}],"replies":[{"embeddable":true,"href":"https:\/\/teichenne.com\/ca\/wp-json\/wp\/v2\/comments?post=20290"}],"version-history":[{"count":3,"href":"https:\/\/teichenne.com\/ca\/wp-json\/wp\/v2\/product\/20290\/revisions"}],"predecessor-version":[{"id":20311,"href":"https:\/\/teichenne.com\/ca\/wp-json\/wp\/v2\/product\/20290\/revisions\/20311"}],"wp:featuredmedia":[{"embeddable":true,"href":"https:\/\/teichenne.com\/ca\/wp-json\/wp\/v2\/media\/20254"}],"wp:attachment":[{"href":"https:\/\/teichenne.com\/ca\/wp-json\/wp\/v2\/media?parent=20290"}],"wp:term":[{"taxonomy":"product_brand","embeddable":true,"href":"https:\/\/teichenne.com\/ca\/wp-json\/wp\/v2\/product_brand?post=20290"},{"taxonomy":"product_cat","embeddable":true,"href":"https:\/\/teichenne.com\/ca\/wp-json\/wp\/v2\/product_cat?post=20290"},{"taxonomy":"product_tag","embeddable":true,"href":"https:\/\/teichenne.com\/ca\/wp-json\/wp\/v2\/product_tag?post=20290"}],"curies":[{"name":"wp","href":"https:\/\/api.w.org\/{rel}","templated":true}]}}