{"id":20298,"date":"2024-01-03T14:53:22","date_gmt":"2024-01-03T12:53:22","guid":{"rendered":"https:\/\/teichenne.com\/shop\/sense%20categoria\/kilda-mango\/"},"modified":"2025-03-28T15:10:57","modified_gmt":"2025-03-28T13:10:57","slug":"kilda-mango-cat","status":"publish","type":"product","link":"https:\/\/teichenne.com\/ca\/producto\/kilda-mango-cat\/","title":{"rendered":"Kilda Mango"},"content":{"rendered":"<p>Kilda Mango est\u00e0 elaborada amb aut\u00e8ntic tequila mexic\u00e0 combinada amb notes fresques del mango. Elegant, sofisticada i moderna. Beguda cremosa amb base l\u00e0ctica. Servir ben fred. Cont\u00e9 llet.<\/p>\n<p><strong>Kilda Mango ha estat guardonat amb la m\u00e0xima distinci\u00f3 al Frankfurt Int. Trophy 2024.<\/strong><\/p>\n<p><img decoding=\"async\" class=\" wp-image-20866\" src=\"https:\/\/teichenne.com\/wp-content\/uploads\/2024\/01\/medal_2024_1-477x500.png\" alt=\"Kilda award\" width=\"69\" height=\"72\" \/><\/p>\n<p>\u00a1ES\u00a0<strong>HORA<\/strong>\u00a0DE EXPRES<strong>ARTE<\/strong>!<\/p>\n","protected":false},"excerpt":{"rendered":"<p>Kilda Mango est\u00e0 elaborada amb aut\u00e8ntic tequila mexic\u00e0 combinada amb notes fresques del mango. Elegant, sofisticada i moderna. Beguda cremosa amb base l\u00e0ctica. Servir ben fred. Cont\u00e9 llet.<\/p>\n<p><strong>Kilda Mango ha estat guardonat amb la m\u00e0xima distinci\u00f3 al Frankfurt Int. Trophy 2024.<\/strong><\/p>\n<p><img decoding=\"async\" class=\" wp-image-20866\" src=\"https:\/\/teichenne.com\/wp-content\/uploads\/2024\/01\/medal_2024_1-477x500.png\" alt=\"Kilda award\" width=\"69\" height=\"72\" \/><\/p>\n<p>\u00a1ES\u00a0<strong>HORA<\/strong>\u00a0DE EXPRES<strong>ARTE<\/strong>!<\/p>\n","protected":false},"featured_media":20261,"comment_status":"open","ping_status":"closed","template":"","meta":{"_acf_changed":false},"product_brand":[],"product_cat":[125],"product_tag":[],"class_list":{"0":"post-20298","1":"product","2":"type-product","3":"status-publish","4":"has-post-thumbnail","6":"product_cat-tequila-ca","8":"first","9":"instock","10":"taxable","11":"shipping-taxable","12":"purchasable","13":"product-type-simple"},"acf":[],"_links":{"self":[{"href":"https:\/\/teichenne.com\/ca\/wp-json\/wp\/v2\/product\/20298","targetHints":{"allow":["GET"]}}],"collection":[{"href":"https:\/\/teichenne.com\/ca\/wp-json\/wp\/v2\/product"}],"about":[{"href":"https:\/\/teichenne.com\/ca\/wp-json\/wp\/v2\/types\/product"}],"replies":[{"embeddable":true,"href":"https:\/\/teichenne.com\/ca\/wp-json\/wp\/v2\/comments?post=20298"}],"version-history":[{"count":3,"href":"https:\/\/teichenne.com\/ca\/wp-json\/wp\/v2\/product\/20298\/revisions"}],"predecessor-version":[{"id":20871,"href":"https:\/\/teichenne.com\/ca\/wp-json\/wp\/v2\/product\/20298\/revisions\/20871"}],"wp:featuredmedia":[{"embeddable":true,"href":"https:\/\/teichenne.com\/ca\/wp-json\/wp\/v2\/media\/20261"}],"wp:attachment":[{"href":"https:\/\/teichenne.com\/ca\/wp-json\/wp\/v2\/media?parent=20298"}],"wp:term":[{"taxonomy":"product_brand","embeddable":true,"href":"https:\/\/teichenne.com\/ca\/wp-json\/wp\/v2\/product_brand?post=20298"},{"taxonomy":"product_cat","embeddable":true,"href":"https:\/\/teichenne.com\/ca\/wp-json\/wp\/v2\/product_cat?post=20298"},{"taxonomy":"product_tag","embeddable":true,"href":"https:\/\/teichenne.com\/ca\/wp-json\/wp\/v2\/product_tag?post=20298"}],"curies":[{"name":"wp","href":"https:\/\/api.w.org\/{rel}","templated":true}]}}