{"id":20304,"date":"2024-01-03T14:57:47","date_gmt":"2024-01-03T12:57:47","guid":{"rendered":"https:\/\/teichenne.com\/shop\/sense%20categoria\/kilda-cafe\/"},"modified":"2025-03-28T15:10:57","modified_gmt":"2025-03-28T13:10:57","slug":"kilda-cafe-cat","status":"publish","type":"product","link":"https:\/\/teichenne.com\/ca\/producto\/kilda-cafe-cat\/","title":{"rendered":"Kilda Caf\u00e9"},"content":{"rendered":"<p>Kilda Caf\u00e9 est\u00e1 elaborada con aut\u00e9ntico tequila mexicano combinada con notas de extracto de caf\u00e9. Elegante, sofisticada y moderna. Bebida cremosa con base l\u00e1ctea. Servir bien fr\u00edo. Contiene leche.<\/p>\n<p>\u00a1ES\u00a0<strong>HORA<\/strong>\u00a0DE EXPRES<strong>ARTE<\/strong>!<\/p>\n","protected":false},"excerpt":{"rendered":"<p>Kilda Caf\u00e9 est\u00e1 elaborada con aut\u00e9ntico tequila mexicano combinada con notas de extracto de caf\u00e9. Elegante, sofisticada y moderna. Bebida cremosa con base l\u00e1ctea. Servir bien fr\u00edo. Contiene leche.<\/p>\n<p>\u00a1ES\u00a0<strong>HORA<\/strong>\u00a0DE EXPRES<strong>ARTE<\/strong>!<\/p>\n","protected":false},"featured_media":20267,"comment_status":"open","ping_status":"closed","template":"","meta":{"_acf_changed":false},"product_brand":[],"product_cat":[125],"product_tag":[],"class_list":{"0":"post-20304","1":"product","2":"type-product","3":"status-publish","4":"has-post-thumbnail","6":"product_cat-tequila-ca","8":"first","9":"instock","10":"taxable","11":"shipping-taxable","12":"purchasable","13":"product-type-simple"},"acf":[],"_links":{"self":[{"href":"https:\/\/teichenne.com\/ca\/wp-json\/wp\/v2\/product\/20304","targetHints":{"allow":["GET"]}}],"collection":[{"href":"https:\/\/teichenne.com\/ca\/wp-json\/wp\/v2\/product"}],"about":[{"href":"https:\/\/teichenne.com\/ca\/wp-json\/wp\/v2\/types\/product"}],"replies":[{"embeddable":true,"href":"https:\/\/teichenne.com\/ca\/wp-json\/wp\/v2\/comments?post=20304"}],"version-history":[{"count":2,"href":"https:\/\/teichenne.com\/ca\/wp-json\/wp\/v2\/product\/20304\/revisions"}],"predecessor-version":[{"id":20320,"href":"https:\/\/teichenne.com\/ca\/wp-json\/wp\/v2\/product\/20304\/revisions\/20320"}],"wp:featuredmedia":[{"embeddable":true,"href":"https:\/\/teichenne.com\/ca\/wp-json\/wp\/v2\/media\/20267"}],"wp:attachment":[{"href":"https:\/\/teichenne.com\/ca\/wp-json\/wp\/v2\/media?parent=20304"}],"wp:term":[{"taxonomy":"product_brand","embeddable":true,"href":"https:\/\/teichenne.com\/ca\/wp-json\/wp\/v2\/product_brand?post=20304"},{"taxonomy":"product_cat","embeddable":true,"href":"https:\/\/teichenne.com\/ca\/wp-json\/wp\/v2\/product_cat?post=20304"},{"taxonomy":"product_tag","embeddable":true,"href":"https:\/\/teichenne.com\/ca\/wp-json\/wp\/v2\/product_tag?post=20304"}],"curies":[{"name":"wp","href":"https:\/\/api.w.org\/{rel}","templated":true}]}}