{"id":20588,"date":"2021-04-14T10:21:44","date_gmt":"2021-04-14T10:21:44","guid":{"rendered":"https:\/\/teichenne.com\/shop\/sense%20categoria\/tequila-tres-ochos-blanco\/"},"modified":"2025-03-28T15:11:05","modified_gmt":"2025-03-28T13:11:05","slug":"tequila-tres-ochos-blanco","status":"publish","type":"product","link":"https:\/\/teichenne.com\/ca\/producto\/tequila-tres-ochos-blanco\/","title":{"rendered":"Tequila 888 Blanco"},"content":{"rendered":"\t\t<div data-elementor-type=\"wp-post\" data-elementor-id=\"20588\" class=\"elementor elementor-20588 elementor-2757\">\n\t\t\t\t\t\t<section class=\"elementor-section elementor-top-section elementor-element elementor-element-37617f76 elementor-section-boxed elementor-section-height-default elementor-section-height-default\" data-id=\"37617f76\" data-element_type=\"section\" data-settings=\"{&quot;jet_parallax_layout_list&quot;:[{&quot;jet_parallax_layout_image&quot;:{&quot;url&quot;:&quot;&quot;,&quot;id&quot;:&quot;&quot;,&quot;size&quot;:&quot;&quot;},&quot;_id&quot;:&quot;2c467c0&quot;,&quot;jet_parallax_layout_image_tablet&quot;:{&quot;url&quot;:&quot;&quot;,&quot;id&quot;:&quot;&quot;,&quot;size&quot;:&quot;&quot;},&quot;jet_parallax_layout_image_mobile&quot;:{&quot;url&quot;:&quot;&quot;,&quot;id&quot;:&quot;&quot;,&quot;size&quot;:&quot;&quot;},&quot;jet_parallax_layout_speed&quot;:{&quot;unit&quot;:&quot;%&quot;,&quot;size&quot;:50,&quot;sizes&quot;:[]},&quot;jet_parallax_layout_type&quot;:&quot;scroll&quot;,&quot;jet_parallax_layout_direction&quot;:&quot;1&quot;,&quot;jet_parallax_layout_fx_direction&quot;:null,&quot;jet_parallax_layout_z_index&quot;:&quot;&quot;,&quot;jet_parallax_layout_bg_x&quot;:50,&quot;jet_parallax_layout_bg_x_tablet&quot;:&quot;&quot;,&quot;jet_parallax_layout_bg_x_mobile&quot;:&quot;&quot;,&quot;jet_parallax_layout_bg_y&quot;:50,&quot;jet_parallax_layout_bg_y_tablet&quot;:&quot;&quot;,&quot;jet_parallax_layout_bg_y_mobile&quot;:&quot;&quot;,&quot;jet_parallax_layout_bg_size&quot;:&quot;auto&quot;,&quot;jet_parallax_layout_bg_size_tablet&quot;:&quot;&quot;,&quot;jet_parallax_layout_bg_size_mobile&quot;:&quot;&quot;,&quot;jet_parallax_layout_animation_prop&quot;:&quot;transform&quot;,&quot;jet_parallax_layout_on&quot;:[&quot;desktop&quot;,&quot;tablet&quot;]}]}\">\n\t\t\t\t\t\t<div class=\"elementor-container elementor-column-gap-default\">\n\t\t\t\t\t<div class=\"elementor-column elementor-col-100 elementor-top-column elementor-element elementor-element-8f203d3\" data-id=\"8f203d3\" data-element_type=\"column\">\n\t\t\t<div class=\"elementor-widget-wrap elementor-element-populated\">\n\t\t\t\t\t\t<div class=\"elementor-element elementor-element-1b3f85b5 elementor-widget elementor-widget-text-editor\" data-id=\"1b3f85b5\" data-element_type=\"widget\" data-widget_type=\"text-editor.default\">\n\t\t\t\t<div class=\"elementor-widget-container\">\n\t\t\t\t\t\t\t\t\t<p><span style=\"color: #003366;\"><strong>Aspecte:<\/strong> Tequila blanc, transparent i cristal\u00b7l\u00ed.<\/span><\/p><p><span style=\"color: #003366;\"><strong>Aroma:<\/strong>Aroma t\u00edpica dels tequiles, s\u00e0lvia, c\u00edtrics i pinyes. Persistent al nas prevalen les aromes florals i afruitades.<\/span><\/p><p><span style=\"color: #003366;\"><strong>Sabor i textura:<\/strong>Dens a la boca, bouquet que ens recorda l\u2019atzavara destil\u00b7lada. El final de boca \u00e9s sec amb notes de c\u00edtrics dol\u00e7os i pebre negre.<\/span><\/p>\t\t\t\t\t\t\t\t<\/div>\n\t\t\t\t<\/div>\n\t\t\t\t\t<\/div>\n\t\t<\/div>\n\t\t\t\t\t<\/div>\n\t\t<\/section>\n\t\t\t\t<\/div>\n\t\t","protected":false},"excerpt":{"rendered":"<p>El Tequila blanc s\u2019elabora a partir de m\u00e8todes tradicionals i s\u2019empren les pinyes com a mat\u00e8ria primera (amb una edat mitjana d\u2019entre 5 i 8 anys) d\u2019Agave Blau (planta ori\u00fcnda de l\u2019Am\u00e8rica Central, tamb\u00e9 anomenada, mescal, maguey o pita ) recollides a m\u00e0 i cuites en forns de pedra. Es cuinen lentament durant 2 dies en forns de ma\u00e7oneria i despr\u00e9s s\u00f3n processades amb llevats especials i destil\u00b7lades en petits alambins de coure. El nostre Tequila blanc \u00e9s un exemple cl\u00e0ssic dels tequiles de l\u2019Estat de Jalisco.<\/p>\n","protected":false},"featured_media":20409,"comment_status":"open","ping_status":"closed","template":"","meta":{"_acf_changed":false},"product_brand":[],"product_cat":[125],"product_tag":[],"class_list":{"0":"post-20588","1":"product","2":"type-product","3":"status-publish","4":"has-post-thumbnail","6":"product_cat-tequila-ca","8":"first","9":"instock","10":"taxable","11":"shipping-taxable","12":"purchasable","13":"product-type-simple"},"acf":[],"_links":{"self":[{"href":"https:\/\/teichenne.com\/ca\/wp-json\/wp\/v2\/product\/20588","targetHints":{"allow":["GET"]}}],"collection":[{"href":"https:\/\/teichenne.com\/ca\/wp-json\/wp\/v2\/product"}],"about":[{"href":"https:\/\/teichenne.com\/ca\/wp-json\/wp\/v2\/types\/product"}],"replies":[{"embeddable":true,"href":"https:\/\/teichenne.com\/ca\/wp-json\/wp\/v2\/comments?post=20588"}],"version-history":[{"count":4,"href":"https:\/\/teichenne.com\/ca\/wp-json\/wp\/v2\/product\/20588\/revisions"}],"predecessor-version":[{"id":20602,"href":"https:\/\/teichenne.com\/ca\/wp-json\/wp\/v2\/product\/20588\/revisions\/20602"}],"wp:featuredmedia":[{"embeddable":true,"href":"https:\/\/teichenne.com\/ca\/wp-json\/wp\/v2\/media\/20409"}],"wp:attachment":[{"href":"https:\/\/teichenne.com\/ca\/wp-json\/wp\/v2\/media?parent=20588"}],"wp:term":[{"taxonomy":"product_brand","embeddable":true,"href":"https:\/\/teichenne.com\/ca\/wp-json\/wp\/v2\/product_brand?post=20588"},{"taxonomy":"product_cat","embeddable":true,"href":"https:\/\/teichenne.com\/ca\/wp-json\/wp\/v2\/product_cat?post=20588"},{"taxonomy":"product_tag","embeddable":true,"href":"https:\/\/teichenne.com\/ca\/wp-json\/wp\/v2\/product_tag?post=20588"}],"curies":[{"name":"wp","href":"https:\/\/api.w.org\/{rel}","templated":true}]}}