{"id":21624,"date":"2025-08-08T11:38:42","date_gmt":"2025-08-08T09:38:42","guid":{"rendered":"https:\/\/teichenne.com\/producto\/divan-crema-de-chocolate-dubai\/"},"modified":"2025-08-08T11:40:42","modified_gmt":"2025-08-08T09:40:42","slug":"divan-crema-de-chocolate-dubai","status":"publish","type":"product","link":"https:\/\/teichenne.com\/ca\/producto\/divan-crema-de-chocolate-dubai\/","title":{"rendered":"Divan crema de xocolata Dubai"},"content":{"rendered":"","protected":false},"excerpt":{"rendered":"<p>La Crema de Xocolata Dubai Divan \u00e9s una beguda suau i deliciosa, elaborada amb cacau de qualitat i festuc, fusionats en una base cremosa que combina la intensitat de la xocolata amb la suavitat i el mat\u00eds delicat del festuc. Inspirada en l&#8217;eleg\u00e0ncia i la sofisticaci\u00f3 de Dubai, aquesta crema destaca pel sabor envolvent i l&#8217;estil atrevit, ideal per als que busquen alguna cosa diferent i especial.<\/p>\n","protected":false},"featured_media":21618,"comment_status":"open","ping_status":"closed","template":"","meta":{"_acf_changed":false},"product_brand":[],"product_cat":[121],"product_tag":[],"class_list":{"0":"post-21624","1":"product","2":"type-product","3":"status-publish","4":"has-post-thumbnail","6":"product_cat-cremes","8":"first","9":"instock","10":"sale","11":"featured","12":"taxable","13":"shipping-taxable","14":"purchasable","15":"product-type-simple"},"acf":[],"_links":{"self":[{"href":"https:\/\/teichenne.com\/ca\/wp-json\/wp\/v2\/product\/21624","targetHints":{"allow":["GET"]}}],"collection":[{"href":"https:\/\/teichenne.com\/ca\/wp-json\/wp\/v2\/product"}],"about":[{"href":"https:\/\/teichenne.com\/ca\/wp-json\/wp\/v2\/types\/product"}],"replies":[{"embeddable":true,"href":"https:\/\/teichenne.com\/ca\/wp-json\/wp\/v2\/comments?post=21624"}],"version-history":[{"count":2,"href":"https:\/\/teichenne.com\/ca\/wp-json\/wp\/v2\/product\/21624\/revisions"}],"predecessor-version":[{"id":21627,"href":"https:\/\/teichenne.com\/ca\/wp-json\/wp\/v2\/product\/21624\/revisions\/21627"}],"wp:featuredmedia":[{"embeddable":true,"href":"https:\/\/teichenne.com\/ca\/wp-json\/wp\/v2\/media\/21618"}],"wp:attachment":[{"href":"https:\/\/teichenne.com\/ca\/wp-json\/wp\/v2\/media?parent=21624"}],"wp:term":[{"taxonomy":"product_brand","embeddable":true,"href":"https:\/\/teichenne.com\/ca\/wp-json\/wp\/v2\/product_brand?post=21624"},{"taxonomy":"product_cat","embeddable":true,"href":"https:\/\/teichenne.com\/ca\/wp-json\/wp\/v2\/product_cat?post=21624"},{"taxonomy":"product_tag","embeddable":true,"href":"https:\/\/teichenne.com\/ca\/wp-json\/wp\/v2\/product_tag?post=21624"}],"curies":[{"name":"wp","href":"https:\/\/api.w.org\/{rel}","templated":true}]}}